{"id":28,"date":"2015-10-07T10:09:59","date_gmt":"2015-10-07T09:09:59","guid":{"rendered":"https:\/\/www.enciclopedia-de-los-migrantes.eu\/?page_id=28"},"modified":"2018-12-11T10:34:21","modified_gmt":"2018-12-11T09:34:21","slug":"film","status":"publish","type":"page","link":"https:\/\/enciclopedia-de-los-migrantes.eu\/en\/projet\/film\/","title":{"rendered":"The documentary film"},"content":{"rendered":"<p>The documentary film Traces back each, and every, phase involved in the making of the project, from the initial idea to the final production via all the creative and collective processes. It documents the nittygritty of how the project was actually made. The film was shot at the project\u2019s collection bases in France, Spain, Portugal and Gibraltar and its aim is educational. It is a way of recording the project for posterity. Available free of charge online.<\/p>\n<div style=\"position: relative; padding-bottom: 56.25%; padding-top: 10px; height: 0; overflow: hidden;\"><iframe loading=\"lazy\" style=\"position: absolute; top: 0; left: 0; width: 100%; height: 100%;\" src=\"http:\/\/www.canal-u.tv\/video\/la_forge_numerique\/embed.1\/the_encyclopedia_of_migrants.37287?width=100%&#038;height=100%\" width=\"550\" height=\"306\" frameborder=\"0\" scrolling=\"no\" allowfullscreen=\"allowfullscreen\"><\/iframe><\/div>\n<p>&nbsp;<\/p>\n<p style=\"text-align: center;\"><strong>Directors<br \/>\n<\/strong>Fr\u00e9d\u00e9ric Leterrier and Beno\u00eet Raoulx<\/p>\n<p style=\"text-align: center;\"><strong>Assistant Director<br \/>\n<\/strong>Martin Benoist<\/p>\n<p style=\"text-align: center;\"><strong>Assistant editor and photography<br \/>\n<\/strong>Beno\u00eet Curial<\/p>\n<p style=\"text-align: center;\"><strong>Shooting assistant<br \/>\n<\/strong>Margaux Verove<\/p>\n<p style=\"text-align: center;\"><strong>A co-production<br \/>\n<\/strong><a href=\"http:\/\/agedelatortue.org\">L\u2019\u00e2ge de la tortue <\/a>\/ <a href=\"https:\/\/www.mshb.fr\/projets_mshb\/fresh\/2278\/\">Programme FRESH<\/a><\/p>\n<p style=\"text-align: center;\"><strong>As part of the programme<\/strong><br \/>\nFilm et recherche en sciences humaines (FRESH) port\u00e9 conjointement par la Maison de la recherche en sciences humaines de l\u2019universit\u00e9 de Caen\u2013Normandie (MRSH) et la Maison des sciences de l\u2019homme en Bretagne (MSHB)<\/p>\n","protected":false},"excerpt":{"rendered":"<p>The documentary film Traces back each, and every, phase involved in the making of the project, from the initial idea to the final production via all the creative and collective processes. It documents the nittygritty of how the project was actually made. The film was shot at the project\u2019s collection bases in France, Spain, Portugal&#8230;  <a class=\"excerpt-read-more\" href=\"https:\/\/enciclopedia-de-los-migrantes.eu\/en\/projet\/film\/\" title=\"Read The documentary film\">Read more &raquo;<\/a><\/p>\n","protected":false},"author":4,"featured_media":0,"parent":2,"menu_order":0,"comment_status":"closed","ping_status":"closed","template":"","meta":{"footnotes":""},"translation":{"provider":"WPGlobus","version":"2.12.2","language":"en","enabled_languages":["fr","es","pt","en"],"languages":{"fr":{"title":true,"content":true,"excerpt":false},"es":{"title":true,"content":true,"excerpt":false},"pt":{"title":true,"content":true,"excerpt":false},"en":{"title":true,"content":true,"excerpt":false}}},"acf":[],"_links":{"self":[{"href":"https:\/\/enciclopedia-de-los-migrantes.eu\/en\/wp-json\/wp\/v2\/pages\/28"}],"collection":[{"href":"https:\/\/enciclopedia-de-los-migrantes.eu\/en\/wp-json\/wp\/v2\/pages"}],"about":[{"href":"https:\/\/enciclopedia-de-los-migrantes.eu\/en\/wp-json\/wp\/v2\/types\/page"}],"author":[{"embeddable":true,"href":"https:\/\/enciclopedia-de-los-migrantes.eu\/en\/wp-json\/wp\/v2\/users\/4"}],"replies":[{"embeddable":true,"href":"https:\/\/enciclopedia-de-los-migrantes.eu\/en\/wp-json\/wp\/v2\/comments?post=28"}],"version-history":[{"count":0,"href":"https:\/\/enciclopedia-de-los-migrantes.eu\/en\/wp-json\/wp\/v2\/pages\/28\/revisions"}],"up":[{"embeddable":true,"href":"https:\/\/enciclopedia-de-los-migrantes.eu\/en\/wp-json\/wp\/v2\/pages\/2"}],"wp:attachment":[{"href":"https:\/\/enciclopedia-de-los-migrantes.eu\/en\/wp-json\/wp\/v2\/media?parent=28"}],"curies":[{"name":"wp","href":"https:\/\/api.w.org\/{rel}","templated":true}]}}