{"id":69,"date":"2015-10-13T09:10:10","date_gmt":"2015-10-13T08:10:10","guid":{"rendered":"https:\/\/www.enciclopedia-de-los-migrantes.eu\/?page_id=69"},"modified":"2016-01-06T12:03:22","modified_gmt":"2016-01-06T11:03:22","slug":"credits","status":"publish","type":"page","link":"https:\/\/enciclopedia-de-los-migrantes.eu\/en\/credits\/","title":{"rendered":"Credits"},"content":{"rendered":"<p><strong>Organisme \u00e9diteur<\/strong> : Association L\u2019\u00e2ge de la tortue<br \/>\n<strong>Directeur de la publication<\/strong> : Antoine Chaudet \u2013 L\u2019\u00e2ge de la tortue<br \/>\n<strong>Conception graphique<\/strong> : Antoine Chaudet et Aurore Chapon<br \/>\n<strong>Conception et d\u00e9veloppement<\/strong> : Aurore Chapon, Antoine Chaudet, Yann Garandel, C\u00e9line Laflute, Am\u00e9lie Murie, Arnaud Robin<br \/>\n<strong>Structure d\u2019h\u00e9bergement<\/strong> : Universit\u00e9 Rennes 2<br \/>\n<strong>Service<\/strong> :\u00a0Centre de Ressources et d&#8217;\u00c9tudes Audiovisuelles<\/p>\n","protected":false},"excerpt":{"rendered":"<p>Organisme \u00e9diteur : Association L\u2019\u00e2ge de la tortue Directeur de la publication : Antoine Chaudet \u2013 L\u2019\u00e2ge de la tortue Conception graphique : Antoine Chaudet et Aurore Chapon Conception et d\u00e9veloppement : Aurore Chapon, Antoine Chaudet, Yann Garandel, C\u00e9line Laflute, Am\u00e9lie Murie, Arnaud Robin Structure d\u2019h\u00e9bergement : Universit\u00e9 Rennes 2 Service :\u00a0Centre de Ressources et&#8230;  <a class=\"excerpt-read-more\" href=\"https:\/\/enciclopedia-de-los-migrantes.eu\/en\/credits\/\" title=\"Read Credits\">Read more &raquo;<\/a><\/p>\n","protected":false},"author":4,"featured_media":0,"parent":0,"menu_order":100,"comment_status":"closed","ping_status":"closed","template":"","meta":{"footnotes":""},"translation":{"provider":"WPGlobus","version":"2.12.2","language":"en","enabled_languages":["fr","es","pt","en"],"languages":{"fr":{"title":true,"content":true,"excerpt":false},"es":{"title":true,"content":true,"excerpt":false},"pt":{"title":true,"content":true,"excerpt":false},"en":{"title":true,"content":true,"excerpt":false}}},"acf":[],"_links":{"self":[{"href":"https:\/\/enciclopedia-de-los-migrantes.eu\/en\/wp-json\/wp\/v2\/pages\/69"}],"collection":[{"href":"https:\/\/enciclopedia-de-los-migrantes.eu\/en\/wp-json\/wp\/v2\/pages"}],"about":[{"href":"https:\/\/enciclopedia-de-los-migrantes.eu\/en\/wp-json\/wp\/v2\/types\/page"}],"author":[{"embeddable":true,"href":"https:\/\/enciclopedia-de-los-migrantes.eu\/en\/wp-json\/wp\/v2\/users\/4"}],"replies":[{"embeddable":true,"href":"https:\/\/enciclopedia-de-los-migrantes.eu\/en\/wp-json\/wp\/v2\/comments?post=69"}],"version-history":[{"count":0,"href":"https:\/\/enciclopedia-de-los-migrantes.eu\/en\/wp-json\/wp\/v2\/pages\/69\/revisions"}],"wp:attachment":[{"href":"https:\/\/enciclopedia-de-los-migrantes.eu\/en\/wp-json\/wp\/v2\/media?parent=69"}],"curies":[{"name":"wp","href":"https:\/\/api.w.org\/{rel}","templated":true}]}}