{"id":2,"date":"2015-10-05T09:54:33","date_gmt":"2015-10-05T08:54:33","guid":{"rendered":"https:\/\/www.enciclopedia-de-los-migrantes.eu\/?page_id=2"},"modified":"2018-11-09T08:49:21","modified_gmt":"2018-11-09T07:49:21","slug":"projet","status":"publish","type":"page","link":"https:\/\/enciclopedia-de-los-migrantes.eu\/es\/projet\/","title":{"rendered":"Presentaci\u00f3n del proyecto"},"content":{"rendered":"<p>La Enciclopedia de los migrantes es un proyecto de experimentaci\u00f3n art\u00edstica en la iniciativa de la artista Paloma Fern\u00e1ndez Sobrino, que tiene como objetivo reunir en una enciclopedia de <strong>400 historias de vida de los testimonios de los migrantes<\/strong>. Esta es una parte contribuyente de la zona de trabajo Blosne en Rennes y re\u00fane a <strong>una red de 8 ciudades<\/strong> de la costa atl\u00e1ntica de Europa entre Gibraltar y el bret\u00f3n de Finisterre.<\/p>\n","protected":false},"excerpt":{"rendered":"<p>La Enciclopedia de los migrantes es un proyecto de experimentaci\u00f3n art\u00edstica en la iniciativa de la artista Paloma Fern\u00e1ndez Sobrino, que tiene como objetivo reunir en una enciclopedia de 400 historias de vida de los testimonios de los migrantes. Esta es una parte contribuyente de la zona de trabajo Blosne en Rennes y re\u00fane a&#8230;  <a class=\"excerpt-read-more\" href=\"https:\/\/enciclopedia-de-los-migrantes.eu\/es\/projet\/\" title=\"LeerPresentaci\u00f3n del proyecto\">Leer m\u00e1s &raquo;<\/a><\/p>\n","protected":false},"author":4,"featured_media":0,"parent":0,"menu_order":1,"comment_status":"closed","ping_status":"closed","template":"","meta":{"footnotes":""},"translation":{"provider":"WPGlobus","version":"2.12.2","language":"es","enabled_languages":["fr","es","pt","en"],"languages":{"fr":{"title":true,"content":true,"excerpt":false},"es":{"title":true,"content":true,"excerpt":false},"pt":{"title":true,"content":true,"excerpt":false},"en":{"title":true,"content":true,"excerpt":false}}},"acf":[],"_links":{"self":[{"href":"https:\/\/enciclopedia-de-los-migrantes.eu\/es\/wp-json\/wp\/v2\/pages\/2"}],"collection":[{"href":"https:\/\/enciclopedia-de-los-migrantes.eu\/es\/wp-json\/wp\/v2\/pages"}],"about":[{"href":"https:\/\/enciclopedia-de-los-migrantes.eu\/es\/wp-json\/wp\/v2\/types\/page"}],"author":[{"embeddable":true,"href":"https:\/\/enciclopedia-de-los-migrantes.eu\/es\/wp-json\/wp\/v2\/users\/4"}],"replies":[{"embeddable":true,"href":"https:\/\/enciclopedia-de-los-migrantes.eu\/es\/wp-json\/wp\/v2\/comments?post=2"}],"version-history":[{"count":0,"href":"https:\/\/enciclopedia-de-los-migrantes.eu\/es\/wp-json\/wp\/v2\/pages\/2\/revisions"}],"wp:attachment":[{"href":"https:\/\/enciclopedia-de-los-migrantes.eu\/es\/wp-json\/wp\/v2\/media?parent=2"}],"curies":[{"name":"wp","href":"https:\/\/api.w.org\/{rel}","templated":true}]}}