{"id":216,"date":"2015-10-21T13:44:07","date_gmt":"2015-10-21T12:44:07","guid":{"rendered":"https:\/\/www.enciclopedia-de-los-migrantes.eu\/?page_id=216"},"modified":"2017-10-02T14:49:35","modified_gmt":"2017-10-02T13:49:35","slug":"partenaires","status":"publish","type":"page","link":"https:\/\/enciclopedia-de-los-migrantes.eu\/es\/partenaires\/","title":{"rendered":"Partenaires"},"content":{"rendered":"<h2>Co-organizadores<\/h2>\n<p>&#8211; <a href=\"http:\/\/www.agedelatortue.org\">La asociaci\u00f3n art\u00edstica <strong>L\u2019\u00e2ge de la tortue<\/strong><\/a> (Rennes, Francia)<br \/>\n&#8211; <a href=\"http:\/\/urv.cat\/\"><strong>La Universidad Rovira i Virgili <\/strong>Grupo de Investigaci\u00f3n SBRlab Y C\u00e1tedra de Inclusi\u00f3n Social<\/a> (Tarragona, Espa\u00f1a)<br \/>\n&#8211; <a href=\"http:\/\/www.asi.pt\/\"><strong>ASI<\/strong> &#8211; Asociaci\u00f3n de Solidaridad Internacional<\/a> (Oporto, Portugal)<br \/>\n&#8211; <a href=\"http:\/\/www.univ-rennes2.fr\/prefics\">Laboratorio PREFIcs <strong>Universidad Rennes 2 <\/strong><\/a> (Rennes, Francia)<br \/>\n&#8211; <strong><a href=\"http:\/\/www.histoire-immigration.fr\/\">El Museo de la Historia de la Inmigracion<\/a><\/strong> (Rennes, Francia)<br \/>\n&#8211; <a href=\"https:\/\/www.gibraltar.gov.gi\/new\/sports-culture-heritage-and-youth\"><strong>Ministerio de Deportes, Cultura, Patrimonio y Juventud,<\/strong> HM Government of Gibraltar<\/a><br \/>\n&#8211; Las ciudades de <a href=\"http:\/\/www.brest.fr\"><strong>Brest<\/strong>,<\/a> <strong><a href=\"http:\/\/metropole.rennes.fr\/\">Rennes<\/a><\/strong>, <strong><a href=\"http:\/\/www.nantes.fr\">Nantes<\/a><\/strong>, <strong><a href=\"http:\/\/www.gijon.es\/\">Gij\u00f3n<\/a><\/strong>, <strong><a href=\"http:\/\/www.porto.pt\/\">Oporto<\/a><\/strong>, <strong><a href=\"http:\/\/www.cm-lisboa.pt\/\">Lisboa<\/a><\/strong>, <strong><a href=\"http:\/\/institucional.cadiz.es\/portada_2014\">C\u00e1diz <\/a><\/strong>y <strong><a href=\"https:\/\/www.gibraltar.gov.gi\/new\/\">Gibraltar<\/a><\/strong><\/p>\n<img decoding=\"async\" loading=\"lazy\" class=\"alignnone size-full wp-image-1774\" src=\"http:\/\/www.encyclopedie-des-migrants.eu\/wp-content\/uploads\/logos_organisateurs_V2.jpg\" alt=\"\" width=\"1200\" height=\"302\" srcset=\"https:\/\/enciclopedia-de-los-migrantes.eu\/wp-content\/uploads\/logos_organisateurs_V2.jpg 1200w, https:\/\/enciclopedia-de-los-migrantes.eu\/wp-content\/uploads\/logos_organisateurs_V2-300x76.jpg 300w, https:\/\/enciclopedia-de-los-migrantes.eu\/wp-content\/uploads\/logos_organisateurs_V2-1024x258.jpg 1024w\" sizes=\"(max-width: 1200px) 100vw, 1200px\" \/>\n<p>&nbsp;<\/p>\n<hr \/>\n<h2>Partenaires associados<\/h2>\n<p>&#8211; <a href=\"http:\/\/www.abaafe.com\/accueil.htm\">La asociaci\u00f3n <strong>ABAAFE<\/strong><\/a> (Brest, Francia)<br \/>\n&#8211; <a href=\"http:\/\/www.mcm44.org\/\">La asociaci\u00f3n <strong>MCM <\/strong><\/a> (Nantes, Frania)<br \/>\n&#8211; La asociaci\u00f3n <strong>Tragacanto<\/strong> (Gij\u00f3n, Espa\u00f1a)<br \/>\n&#8211; <a href=\"http:\/\/www.apdha.org\/cadiz\/\">La asociaci\u00f3n <strong>APDHA<\/strong><\/a> (C\u00e1diz, Espa\u00f1a)<br \/>\n&#8211; <a href=\"http:\/\/www.renovaramouraria.pt\/enciclopedia-dos-migrantes-projecto\/\">La asociaci\u00f3n <strong>Renovar a Mouraria<\/strong><\/a> (Lisboa, Portugal)<br \/>\n&#8211; <a href=\"http:\/\/www.univ-rennes2.fr\/crea\">Le <strong>CREA<\/strong> Centra de Recursos de Estudios Audiovisuales de la Universidad Rennes 2<\/a> (<a href=\"http:\/\/www.univ-rennes2.fr\/crea\">Francia)<\/a><br \/>\n&#8211; <a href=\"http:\/\/www.unicaen.fr\/recherche\/mrsh\/fresh\"><strong>FRESH<\/strong>, Filmer la recherche en sciences humaines<\/a> (Rennes y Caen, Francia)<br \/>\n&#8211; <a href=\"http:\/\/www.collectif-topik.fr\/\">Collectivo de investigaci\u00f3n <strong>TOPIK<\/strong> <\/a>(Rennes, Francia)<br \/>\n&#8211; <a href=\"http:\/\/www.iaur.fr\/\">L\u2019Institut d\u2019Am\u00e9nagement et d\u2019Urbanisme de Rennes <strong>(IAUR)<\/strong><\/a> (Rennes, Francia)<br \/>\n&#8211;<a href=\"http:\/\/www.univ-rennes2.fr\/erimit\"> El laboratorio de investigaci\u00f3n <strong>ERIMIT<\/strong> de la universidad Rennes 2, (Rennes, Francia)<\/a><br \/>\n&#8211; <a href=\"http:\/\/www.unigib.edu.gi\/\"><strong>La Universidad de Gibraltar<\/strong><\/a><br \/>\n&#8211; <a href=\"http:\/\/www.gibraltargarrisonlibrary.gi\/\"><strong>La biblioteca Garrison <\/strong>de Gibraltar<\/a><br \/>\n&#8211; <a href=\"http:\/\/atlanticcities.eu\/\"> <strong>La Conferencia de Ciudades del Arco Atl\u00e1ntico<\/strong><\/a><br \/>\n&#8211; <strong><a href=\"http:\/\/www.ifp-lisboa.com\">L\u2019Institut Fran\u00e7ais de Lisboa <\/a><\/strong>(Portugal)<br \/>\n&#8211; <a href=\"http:\/\/eccocadiz.blogspot.com\">El centro de arte contempor\u00e1neo <strong>ECCO<\/strong><\/a> (C\u00e1diz, Espa\u00f1a)<br \/>\n&#8211; <a href=\"https:\/\/biblio.brest.fr\/\">Les M\u00e9diath\u00e8ques de Brest<\/a>\u00a0(Brest, France)<br \/>\n&#8211; <a href=\"https:\/\/bm.nantes.fr\/home.html\">La biblioteca de Nantes<\/a> (Nantes, France)<br \/>\n&#8211; <a href=\"http:\/\/www.egeac.pt\/\"><strong>EGEAC<\/strong> Lisboa<\/a> (Lisboa, Portugal)<br \/>\n&#8211;<strong>\u00a0<\/strong><a href=\"http:\/\/www.museudelisboa.pt\/\"><strong>Pal\u00e1cio Pinmenta<\/strong><\/a> (Lisboa, Portugal)<br \/>\n&#8211; <a href=\"http:\/\/Mario Finlayson National Art Gallery\"><strong>Mario Finlayson National Art Gallery <\/strong><\/a>(Gibraltar)<\/p>\n<h2>Partenaires locales En Rennes<\/h2>\n<p>&#8211;<a href=\"http:\/\/www.leschampslibres.fr\/\"> La biblioteca Champs Libres<br \/>\n<\/a><a href=\"http:\/\/www.musee-bretagne.fr\/\">&#8211; El museo de Bretana<\/a><br \/>\n&#8211;<a href=\"http:\/\/www.archives.rennes.fr\/\"> Los Archivos municipales de Rennes<br \/>\n<\/a><a href=\"http:\/\/www.archives.rennes.fr\/\">&#8211; Les tomb\u00e9es de la nuit<\/a><br \/>\n&#8211;<a href=\"http:\/\/www.letriangle.org\/\"> Le Triangle, cit\u00e9 de la danse<br \/>\n<\/a><a href=\"http:\/\/www.hotelpasteur.fr\/\">&#8211; L&#8217;h\u00f4tel Pasteur<\/a><br \/>\n&#8211;<a href=\"http:\/\/www.canalb.fr\/\"> Canal B<\/a><br \/>\n&#8211;<a href=\"http:\/\/www.lacimade.org\/\"> La asociaci\u00f3n La Cimade<\/a><br \/>\n&#8211;<a href=\"http:\/\/untoitundroit35.blogspot.com\"> La asociaci\u00f3n Un toit c\u2019est un droit<br \/>\n<\/a><a href=\"http:\/\/www.lacimade.org\/\">&#8211; LISAA<\/a><\/p>\n<img decoding=\"async\" loading=\"lazy\" class=\"alignnone size-full wp-image-1775\" src=\"http:\/\/www.encyclopedie-des-migrants.eu\/wp-content\/uploads\/logos_partenaires_V2.jpg\" alt=\"\" width=\"1200\" height=\"498\" srcset=\"https:\/\/enciclopedia-de-los-migrantes.eu\/wp-content\/uploads\/logos_partenaires_V2.jpg 1200w, https:\/\/enciclopedia-de-los-migrantes.eu\/wp-content\/uploads\/logos_partenaires_V2-300x125.jpg 300w, https:\/\/enciclopedia-de-los-migrantes.eu\/wp-content\/uploads\/logos_partenaires_V2-1024x425.jpg 1024w\" sizes=\"(max-width: 1200px) 100vw, 1200px\" \/>\n<hr \/>\n<h2>Co-financiadores<\/h2>\n<p>El proyecto cuenta con el apoyo del Comisi\u00f3n Europea (programa Erasmus+) Institut Fran\u00e7ais, la Ciudad de Rennes, Rennes M\u00e9tropole, el Consejo General de Ille-et-Vilaine, el Consejo Regional de Breta\u00f1a, el Contrato Urbano de Cohesi\u00f3n Social, el Ministerio de Cultura y comunicaci\u00f3n &#8211; Direcci\u00f3n Regional de Asuntos Culturales, la Fondation SNCF.<\/p>\n<img decoding=\"async\" loading=\"lazy\" class=\"alignnone size-full wp-image-1773\" src=\"http:\/\/www.encyclopedie-des-migrants.eu\/wp-content\/uploads\/logos_financeurs_V2.jpg\" alt=\"\" width=\"1200\" height=\"230\" srcset=\"https:\/\/enciclopedia-de-los-migrantes.eu\/wp-content\/uploads\/logos_financeurs_V2.jpg 1200w, https:\/\/enciclopedia-de-los-migrantes.eu\/wp-content\/uploads\/logos_financeurs_V2-300x58.jpg 300w, https:\/\/enciclopedia-de-los-migrantes.eu\/wp-content\/uploads\/logos_financeurs_V2-1024x196.jpg 1024w\" sizes=\"(max-width: 1200px) 100vw, 1200px\" \/>\n","protected":false},"excerpt":{"rendered":"<p>Co-organizadores &#8211; La asociaci\u00f3n art\u00edstica L\u2019\u00e2ge de la tortue (Rennes, Francia) &#8211; La Universidad Rovira i Virgili Grupo de Investigaci\u00f3n SBRlab Y C\u00e1tedra de Inclusi\u00f3n Social (Tarragona, Espa\u00f1a) &#8211; ASI &#8211; Asociaci\u00f3n de Solidaridad Internacional (Oporto, Portugal) &#8211; Laboratorio PREFIcs Universidad Rennes 2 (Rennes, Francia) &#8211; El Museo de la Historia de la Inmigracion (Rennes,&#8230;  <a class=\"excerpt-read-more\" href=\"https:\/\/enciclopedia-de-los-migrantes.eu\/es\/partenaires\/\" title=\"LeerPartenaires\">Leer m\u00e1s &raquo;<\/a><\/p>\n","protected":false},"author":4,"featured_media":0,"parent":0,"menu_order":5,"comment_status":"closed","ping_status":"closed","template":"","meta":{"footnotes":""},"translation":{"provider":"WPGlobus","version":"2.12.2","language":"es","enabled_languages":["fr","es","pt","en"],"languages":{"fr":{"title":true,"content":true,"excerpt":false},"es":{"title":true,"content":true,"excerpt":false},"pt":{"title":true,"content":true,"excerpt":false},"en":{"title":true,"content":true,"excerpt":false}}},"acf":[],"_links":{"self":[{"href":"https:\/\/enciclopedia-de-los-migrantes.eu\/es\/wp-json\/wp\/v2\/pages\/216"}],"collection":[{"href":"https:\/\/enciclopedia-de-los-migrantes.eu\/es\/wp-json\/wp\/v2\/pages"}],"about":[{"href":"https:\/\/enciclopedia-de-los-migrantes.eu\/es\/wp-json\/wp\/v2\/types\/page"}],"author":[{"embeddable":true,"href":"https:\/\/enciclopedia-de-los-migrantes.eu\/es\/wp-json\/wp\/v2\/users\/4"}],"replies":[{"embeddable":true,"href":"https:\/\/enciclopedia-de-los-migrantes.eu\/es\/wp-json\/wp\/v2\/comments?post=216"}],"version-history":[{"count":0,"href":"https:\/\/enciclopedia-de-los-migrantes.eu\/es\/wp-json\/wp\/v2\/pages\/216\/revisions"}],"wp:attachment":[{"href":"https:\/\/enciclopedia-de-los-migrantes.eu\/es\/wp-json\/wp\/v2\/media?parent=216"}],"curies":[{"name":"wp","href":"https:\/\/api.w.org\/{rel}","templated":true}]}}