{"id":249,"date":"2015-10-22T10:06:25","date_gmt":"2015-10-22T09:06:25","guid":{"rendered":"https:\/\/www.enciclopedia-de-los-migrantes.eu\/?page_id=249"},"modified":"2016-01-06T12:03:22","modified_gmt":"2016-01-06T11:03:22","slug":"ecrire-une-histoire-intime-des-migrations","status":"publish","type":"page","link":"https:\/\/enciclopedia-de-los-migrantes.eu\/es\/projet\/ecrire-une-histoire-intime-des-migrations\/","title":{"rendered":"Escribir una historia \u00edntima de las migraciones"},"content":{"rendered":"<p>La Enciclopedia de migrantes interroga la cuesti\u00f3n de las migraciones desde un \u00e1ngulo sensible, a trav\u00e9s de la tem\u00e1tica de la distancia. \u00bfQu\u00e9 produce la distancia en el individuo ? \u00bfC\u00f3mo se pierden las referencias por el acto del abandono del pa\u00eds de origen?<\/p>\n<p>Se trata de recopilar los testimonios de las personas que han experimentado la migraci\u00f3n a lo largo de su vida. Concretamente el proyecto propone partir al encuentro de personas migrantes, personas que hayan experimentado un proceso de movilidad geogr\u00e1fica, personas que albergan distintas identidades y concilian diferentes culturas.<\/p>\n<p>Los migrantes que decidir\u00e1n asociarse a esta aventura escribir\u00e1n una carta \u00edntima a una persona que se qued\u00f3 en su pa\u00eds de origen y trabajar\u00e1n en colaboraci\u00f3n con un fot\u00f3grafo local para decidir juntos la realizaci\u00f3n de un retrato. El corpus de la enciclopedia estar\u00e1 compuesto por testimonios de migrantes encontrados en las diferentes pa\u00edses del proyecto, sin embargo la obra contendr\u00e1 igualmente testimonios de personas que hayan vivido una experiencia migratoria y que han vuelto a su pa\u00eds de origen. Estas personas escribir\u00e1n a un ser cercano, que sigue en el pa\u00eds del que volvieron.<\/p>\n<p>El principio de este proyecto es siempre un encuentro en confianza, comprensivo y emp\u00e1tico. Es la calidad de ese primer encuentro lo que har\u00e1 posible la exposici\u00f3n en el espacio p\u00fablico de un pensamiento \u00edntimo, que esa persona habr\u00e1 querido compartir.<\/p>\n<h2>\u00bfPor qu\u00e9 una enciclopedia de migrantes?<\/h2>\n<p>Esta enciclopedia se materializar\u00e1 en una producci\u00f3n editorial, inspir\u00e1ndose formalmente en la enciclopedia en su versi\u00f3n original del siglo XVIII, firmada por Diderot y d\u2019Alembert, jugando con sus c\u00f3digos y cambiando el contenido de la misma. La obra estar\u00e1 compuesta de tres vol\u00famenes de gran formato, en color, encuadernada en cuero y en edici\u00f3n limitada.<\/p>\n<p>Una enciclopedia es una obra o conjunto de obras\u00a0 de referencia que organizan y sintetizan el saber existente o una parte de \u00e9ste. El estado de conocimiento es un proyecto abierto y en cambio permanente, en constante evoluci\u00f3n.\u00a0 No existe ninguna enciclopedia hoy sobre las migraciones de los hombres. La Enciclopedia de Migrantes se propone como compendio de una multiplicidad de historias de vida y reinterpreta as\u00ed un s\u00edmbolo del saber para reapropi\u00e1rselo bajo la forma de una empresa de saber popular. En el imaginario colectivo, la enciclopedia es una obra preciosa que encierra un saber leg\u00edtimo. Con este proyecto queremos explotar la gran diferencia entre el objeto precioso, que representa el mundo de las ideas y un contenido sensible e in\u00e9dito, a menudo devaluado, menospreciado. La finalidad de esta enciclopedia no convencional es dar su justa legitimidad a otro tipo de saber, igualmente v\u00e1lido e importante.<\/p>\n<p><span class=\"citation\">\u00bfEstamos dispuestos a acordar su justa legitimidad al saber sensible en un mundo deshumanizado y dominado por la evaluaci\u00f3n y el peritaje?<\/span> \u00bfQu\u00e9 lugar ocupa en Europa el mundo sensible, el conocimiento y la palabra \u201cdel otro\u201d?<\/p>\n<p>El principal reto de este proyecto es reconocer el lugar de los migrantes en nuestra sociedad y participar de manera concreta en la escritura de la historia y de la memoria de las migraciones. Se trata de mostrar de un modo tangible, palpable, su valor invisible, un patrimonio inmaterial, para hacerlo nuestro e inscribirlo en nuestra historia com\u00fan.<\/p>\n<p>La Enciclopedia de migrantes reunir\u00e1 una colecci\u00f3n de\u00a0 400 testimonios, bajo la forma de cartas\u00a0 manuscritas de migrantes, acompa\u00f1adas de retratos fotogr\u00e1ficos de los mismos realizados por artistas locales y aportaciones cient\u00edficas de investigadores en ciencias sociales de los cuatro territorios elegidos. Las cartas estar\u00e1n escritas en la lengua materna de las personas migrantes y traducidas con la intenci\u00f3n de respetar el lenguaje de los autores. Esta enciclopedia ser\u00e1 producida en dos formatos: una versi\u00f3n papel y una versi\u00f3n digital.<\/p>\n","protected":false},"excerpt":{"rendered":"<p>La Enciclopedia de migrantes interroga la cuesti\u00f3n de las migraciones desde un \u00e1ngulo sensible, a trav\u00e9s de la tem\u00e1tica de la distancia. \u00bfQu\u00e9 produce la distancia en el individuo ? \u00bfC\u00f3mo se pierden las referencias por el acto del abandono del pa\u00eds de origen? Se trata de recopilar los testimonios de las personas que han&#8230;  <a class=\"excerpt-read-more\" href=\"https:\/\/enciclopedia-de-los-migrantes.eu\/es\/projet\/ecrire-une-histoire-intime-des-migrations\/\" title=\"LeerEscribir una historia \u00edntima de las migraciones\">Leer m\u00e1s &raquo;<\/a><\/p>\n","protected":false},"author":4,"featured_media":0,"parent":2,"menu_order":0,"comment_status":"closed","ping_status":"closed","template":"","meta":{"footnotes":""},"translation":{"provider":"WPGlobus","version":"2.12.2","language":"es","enabled_languages":["fr","es","pt","en"],"languages":{"fr":{"title":true,"content":true,"excerpt":false},"es":{"title":true,"content":true,"excerpt":false},"pt":{"title":true,"content":true,"excerpt":false},"en":{"title":true,"content":true,"excerpt":false}}},"acf":[],"_links":{"self":[{"href":"https:\/\/enciclopedia-de-los-migrantes.eu\/es\/wp-json\/wp\/v2\/pages\/249"}],"collection":[{"href":"https:\/\/enciclopedia-de-los-migrantes.eu\/es\/wp-json\/wp\/v2\/pages"}],"about":[{"href":"https:\/\/enciclopedia-de-los-migrantes.eu\/es\/wp-json\/wp\/v2\/types\/page"}],"author":[{"embeddable":true,"href":"https:\/\/enciclopedia-de-los-migrantes.eu\/es\/wp-json\/wp\/v2\/users\/4"}],"replies":[{"embeddable":true,"href":"https:\/\/enciclopedia-de-los-migrantes.eu\/es\/wp-json\/wp\/v2\/comments?post=249"}],"version-history":[{"count":0,"href":"https:\/\/enciclopedia-de-los-migrantes.eu\/es\/wp-json\/wp\/v2\/pages\/249\/revisions"}],"up":[{"embeddable":true,"href":"https:\/\/enciclopedia-de-los-migrantes.eu\/es\/wp-json\/wp\/v2\/pages\/2"}],"wp:attachment":[{"href":"https:\/\/enciclopedia-de-los-migrantes.eu\/es\/wp-json\/wp\/v2\/media?parent=249"}],"curies":[{"name":"wp","href":"https:\/\/api.w.org\/{rel}","templated":true}]}}