{"id":251,"date":"2015-10-22T10:10:10","date_gmt":"2015-10-22T09:10:10","guid":{"rendered":"https:\/\/www.enciclopedia-de-los-migrantes.eu\/?page_id=251"},"modified":"2016-01-06T12:03:22","modified_gmt":"2016-01-06T11:03:22","slug":"une-methode-contributive","status":"publish","type":"page","link":"https:\/\/enciclopedia-de-los-migrantes.eu\/es\/projet\/une-methode-contributive\/","title":{"rendered":"Un m\u00e9todo contributivo"},"content":{"rendered":"<h2>Un proyecto de cooperaci\u00f3n con una gobernanza compartida y un trabajo en red<\/h2>\n<p>La din\u00e1mica de co-construcci\u00f3n est\u00e1 en el centro del proyecto y se manifiesta a trav\u00e9s de su modo de gobernanza compartida \u2013 desde la fase de concepci\u00f3n a la fase de evaluaci\u00f3n del proyecto \u2013 y la construcci\u00f3n de una red de 8 ciudades asociadas para la ocasi\u00f3n.<\/p>\n<p>Lanzada la reflexi\u00f3n desde Rennes, des del barrio Blosne, la gobernanza del proyecto se materializar\u00e1 bajo la forma de dos instancias :<\/p>\n<p>-un Grupo de reflexi\u00f3n que acompa\u00f1a la reflexi\u00f3n del proyecto en una dimensi\u00f3n colectiva<br \/>\n-un Comit\u00e9 de decisi\u00f3n que arbitra y asegura la responsabilidad del proyecto<\/p>\n<p>El Grupo de reflexi\u00f3n est\u00e1 compuesto de ciudadanos migrantes o no, de actores locales, de fot\u00f3grafos, de investigadores en ciencias sociales y del equipo de coordinaci\u00f3n transnacional. Este grupo se re\u00fane regularmente en el barrio Blosne, en Rennes. La misi\u00f3n del Grupo de reflexi\u00f3n es emitir reflexiones y proposiciones sobre los grandes ejes del proyecto, elaborar metodolog\u00edas de recopilaci\u00f3n de testimonios de migrantes, participar en un seminario de transmisi\u00f3n de estas metodolog\u00edas a los equipos locales, participar en las restituciones y en las acciones de difusi\u00f3n locales y participar en el seminario de evaluaci\u00f3n del proyecto.<\/p>\n<p>Con la finalidad de aumentar la red de personas migrantes que intentan conciliar sus dobles culturas y enriquecer la contribuci\u00f3n a la enciclopedia, en una din\u00e1mica de cooperaci\u00f3n y de intercambio de experiencias, La Enciclopedia de migrantes se apoya en la movilizaci\u00f3n de una red de 8 ciudades de la cornisa Atl\u00e1ntica europea, situadas entre Brest y Gibraltar y 8 partenaires operacionales (asociaciones, universidades, museos, etc.) en Francia, en Espa\u00f1a, en Portugal y en Gibraltar.<\/p>\n<p>&nbsp;<\/p>\n<h2>Un proyecto en 6 fases<\/h2>\n<p>Este proyecto de cooperaci\u00f3n europea transcurrir\u00e1 durante cuatro a\u00f1os, entre 2014 y 2017 y se desarrollar\u00e1 en 6 fases :<\/p>\n<p style=\"padding-left: 30px;\"><strong>1\/una fase de concepci\u00f3n (2014-2015)<\/strong> que consiste en reunir el Grupo de reflexi\u00f3n del proyecto basado en el barrio Blosne, en Rennes para co-construir las metodolog\u00edas de recopilaci\u00f3n de testimonios (reuniones de trabajo cada 2 meses) y, por otro lado, en constituir una red de 8 ciudades partenaires en Francia, Espa\u00f1a, Portugal y Gibraltar (viajes de cooperaci\u00f3n).<\/p>\n<p style=\"padding-left: 30px;\"><strong>2\/una fase de transmisi\u00f3n (2015)<\/strong> que tendr\u00e1 la forma de un seminario de transmisi\u00f3n de las metodolog\u00edas de recopilaci\u00f3n de testimonios a los partenaires operacionales de las 8 ciudades de la red, que a su vez transmitir\u00e1n al resto de los equipos locales. El seminario se organizar\u00e1 en Paris en noviembre de 2015.<\/p>\n<p style=\"padding-left: 30px;\"><strong>3\/una fase de recopilaci\u00f3n (2014-2016)<\/strong> de 400 testimonios por los equipos locales (dos personas que recogen los testimonios y dos fot\u00f3grafos por ciudad) en las 8 ciudades que participan en el proyecto; 50 testimonios en la ciudad de origen (Rennes y el barrio Blosne) y 50 testimonios en las otras 7 ciudades<\/p>\n<p style=\"padding-left: 30px;\"><strong>4\/una fase de edici\u00f3n y producci\u00f3n (2014-2017)<\/strong> que finalizar\u00e1 con la producci\u00f3n de dos versiones de\u00a0 La Enciclopedia de migrantes (enero 2017) y previamente de gu\u00edas, de un kit de referenciales, de un sitio Internet del proyecto y, a posteriori, de un cuaderno educativo y de un documental.<\/p>\n<p style=\"padding-left: 30px;\"><strong>5\/una fase de difusi\u00f3n (2014-2017)<\/strong> con una serie de restituciones locales y de acciones de difusi\u00f3n de la obra y de intercambio de experiencias en las 8 ciudades de la red y a escala europea (exposiciones, encuentros y debates, proyecciones, eventos festivos, talleres\u2026)<\/p>\n<p style=\"padding-left: 30px;\"><strong>6\/una fase de evaluaci\u00f3n (2017)<\/strong> que se materializar\u00e1 en un seminario de evaluaci\u00f3n en Gibraltar en junio 2017 y que reunir\u00e1 al equipo del proyecto y alimentar\u00e1 el an\u00e1lisis de evaluaci\u00f3n final.<\/p>\n","protected":false},"excerpt":{"rendered":"<p>Un proyecto de cooperaci\u00f3n con una gobernanza compartida y un trabajo en red La din\u00e1mica de co-construcci\u00f3n est\u00e1 en el centro del proyecto y se manifiesta a trav\u00e9s de su modo de gobernanza compartida \u2013 desde la fase de concepci\u00f3n a la fase de evaluaci\u00f3n del proyecto \u2013 y la construcci\u00f3n de una red de&#8230;  <a class=\"excerpt-read-more\" href=\"https:\/\/enciclopedia-de-los-migrantes.eu\/es\/projet\/une-methode-contributive\/\" title=\"LeerUn m\u00e9todo contributivo\">Leer m\u00e1s &raquo;<\/a><\/p>\n","protected":false},"author":4,"featured_media":0,"parent":2,"menu_order":0,"comment_status":"closed","ping_status":"closed","template":"","meta":{"footnotes":""},"translation":{"provider":"WPGlobus","version":"2.12.2","language":"es","enabled_languages":["fr","es","pt","en"],"languages":{"fr":{"title":true,"content":true,"excerpt":false},"es":{"title":true,"content":true,"excerpt":false},"pt":{"title":true,"content":true,"excerpt":false},"en":{"title":true,"content":true,"excerpt":false}}},"acf":[],"_links":{"self":[{"href":"https:\/\/enciclopedia-de-los-migrantes.eu\/es\/wp-json\/wp\/v2\/pages\/251"}],"collection":[{"href":"https:\/\/enciclopedia-de-los-migrantes.eu\/es\/wp-json\/wp\/v2\/pages"}],"about":[{"href":"https:\/\/enciclopedia-de-los-migrantes.eu\/es\/wp-json\/wp\/v2\/types\/page"}],"author":[{"embeddable":true,"href":"https:\/\/enciclopedia-de-los-migrantes.eu\/es\/wp-json\/wp\/v2\/users\/4"}],"replies":[{"embeddable":true,"href":"https:\/\/enciclopedia-de-los-migrantes.eu\/es\/wp-json\/wp\/v2\/comments?post=251"}],"version-history":[{"count":0,"href":"https:\/\/enciclopedia-de-los-migrantes.eu\/es\/wp-json\/wp\/v2\/pages\/251\/revisions"}],"up":[{"embeddable":true,"href":"https:\/\/enciclopedia-de-los-migrantes.eu\/es\/wp-json\/wp\/v2\/pages\/2"}],"wp:attachment":[{"href":"https:\/\/enciclopedia-de-los-migrantes.eu\/es\/wp-json\/wp\/v2\/media?parent=251"}],"curies":[{"name":"wp","href":"https:\/\/api.w.org\/{rel}","templated":true}]}}