{"id":252,"date":"2015-10-22T10:11:25","date_gmt":"2015-10-22T09:11:25","guid":{"rendered":"https:\/\/www.enciclopedia-de-los-migrantes.eu\/?page_id=252"},"modified":"2016-01-06T12:03:22","modified_gmt":"2016-01-06T11:03:22","slug":"nos-principes-daction","status":"publish","type":"page","link":"https:\/\/enciclopedia-de-los-migrantes.eu\/es\/projet\/nos-principes-daction\/","title":{"rendered":"Nuestros principios de acci\u00f3n"},"content":{"rendered":"<h2>1. Transmitir una misi\u00f3n com\u00fan a una red y apropi\u00e1rsela<\/h2>\n<p>Nuestro primer principio de acci\u00f3n es transmitir una misi\u00f3n com\u00fan: sumar 400 testimonios \u00edntimos de migrantes entre el Finisterre bret\u00f3n y Gibraltar. Esto supone la federaci\u00f3n de una red de 8 ciudades y 8 partenaires operacionales alrededor de esta misi\u00f3n, con el fin de asegurar la retransmisi\u00f3n de esta misi\u00f3n a los equipos locales encargados de la recopilaci\u00f3n. Los equipos locales se apoyar\u00e1n en las metodolog\u00edas espec\u00edficas, se las apropiar\u00e1n y las adaptar\u00e1n al contexto local y a sus necesidades.<\/p>\n<h2>2. Cada testimonio est\u00e1 fundado en un encuentro y en una relaci\u00f3n-interacci\u00f3n con el migrante<\/h2>\n<p>Nuestro segundo principio de acci\u00f3n es que cada testimonio est\u00e9 fundado en un encuentro aut\u00e9ntico con el migrante. Este encuentro supone la construcci\u00f3n de una relaci\u00f3n privilegiada entra la persona que busca los testimonios y la persona migrante. El desaf\u00edo de cada encuentro es conseguir encontrar \u00ab las pepitas de oro \u00bb, gracias al ejercicio de las cartas manuscritas e \u00edntimas. La calidad de este encuentro y de la relaci\u00f3n tejida con la persona migrante garantizar\u00e1 el valor de cada testimonio.<\/p>\n<h2>3. El compromiso de dar vida a la Enciclopedia del Migrante (despu\u00e9s de la edici\u00f3n)<\/h2>\n<p>Nuestro tercer principio de acci\u00f3n es continuar dando vida al proyecto, una vez la enciclopedia est\u00e9 editada, solicitando el compromiso de cada ciudad y de cada partenaire operacional. Una vez producida la Enciclopedia, la ciudad \u2013 propietaria de un ejemplar de la Enciclopedia \u2013 y el partenaire operacional, se comprometen a organizar una acci\u00f3n de difusi\u00f3n local con la finalidad de hacer p\u00fablico el proyecto y as\u00ed permitir la apropiaci\u00f3n de este patrimonio a la sociedad civil. En el futuro, la ciudad tendr\u00e1 la obra y el partenaire operacional ser\u00e1 el referente para los proyectos a posteriori a ra\u00edz de la Enciclopedia. Nuestro desaf\u00edo es movilizar el valor de La Enciclopedia de manera permanente, suscitando otros proyectos alrededor de la obra, a escala local y a t\u00e9rmino medio.<\/p>\n","protected":false},"excerpt":{"rendered":"<p>1. Transmitir una misi\u00f3n com\u00fan a una red y apropi\u00e1rsela Nuestro primer principio de acci\u00f3n es transmitir una misi\u00f3n com\u00fan: sumar 400 testimonios \u00edntimos de migrantes entre el Finisterre bret\u00f3n y Gibraltar. Esto supone la federaci\u00f3n de una red de 8 ciudades y 8 partenaires operacionales alrededor de esta misi\u00f3n, con el fin de asegurar&#8230;  <a class=\"excerpt-read-more\" href=\"https:\/\/enciclopedia-de-los-migrantes.eu\/es\/projet\/nos-principes-daction\/\" title=\"LeerNuestros principios de acci\u00f3n\">Leer m\u00e1s &raquo;<\/a><\/p>\n","protected":false},"author":4,"featured_media":0,"parent":2,"menu_order":0,"comment_status":"closed","ping_status":"closed","template":"","meta":{"footnotes":""},"translation":{"provider":"WPGlobus","version":"2.12.2","language":"es","enabled_languages":["fr","es","pt","en"],"languages":{"fr":{"title":true,"content":true,"excerpt":false},"es":{"title":true,"content":true,"excerpt":false},"pt":{"title":true,"content":true,"excerpt":false},"en":{"title":true,"content":true,"excerpt":false}}},"acf":[],"_links":{"self":[{"href":"https:\/\/enciclopedia-de-los-migrantes.eu\/es\/wp-json\/wp\/v2\/pages\/252"}],"collection":[{"href":"https:\/\/enciclopedia-de-los-migrantes.eu\/es\/wp-json\/wp\/v2\/pages"}],"about":[{"href":"https:\/\/enciclopedia-de-los-migrantes.eu\/es\/wp-json\/wp\/v2\/types\/page"}],"author":[{"embeddable":true,"href":"https:\/\/enciclopedia-de-los-migrantes.eu\/es\/wp-json\/wp\/v2\/users\/4"}],"replies":[{"embeddable":true,"href":"https:\/\/enciclopedia-de-los-migrantes.eu\/es\/wp-json\/wp\/v2\/comments?post=252"}],"version-history":[{"count":0,"href":"https:\/\/enciclopedia-de-los-migrantes.eu\/es\/wp-json\/wp\/v2\/pages\/252\/revisions"}],"up":[{"embeddable":true,"href":"https:\/\/enciclopedia-de-los-migrantes.eu\/es\/wp-json\/wp\/v2\/pages\/2"}],"wp:attachment":[{"href":"https:\/\/enciclopedia-de-los-migrantes.eu\/es\/wp-json\/wp\/v2\/media?parent=252"}],"curies":[{"name":"wp","href":"https:\/\/api.w.org\/{rel}","templated":true}]}}