{"id":26,"date":"2015-10-07T10:09:39","date_gmt":"2015-10-07T09:09:39","guid":{"rendered":"https:\/\/www.enciclopedia-de-los-migrantes.eu\/?page_id=26"},"modified":"2016-01-06T12:03:22","modified_gmt":"2016-01-06T11:03:22","slug":"carte","status":"publish","type":"page","link":"https:\/\/enciclopedia-de-los-migrantes.eu\/es\/projet\/carte\/","title":{"rendered":"La carta"},"content":{"rendered":"<h2>Entre Gibraltar y Breta\u00f1a Finisterre<\/h2>\n<p>La Enciclopedia de los migrantes re\u00fane a tres pa\u00edses &#8211; Francia, Espa\u00f1a, Portugal &#8211; y el territorio de ultramar de Gibraltar, un territorio brit\u00e1nico de ultramar en el sur de la Pen\u00ednsula Ib\u00e9rica.<\/p>\n<p>El \u00e1rea geogr\u00e1fica que hemos elegido para la Enciclopedia de los migrantes da la bienvenida a los territorios ba\u00f1ados por el Oc\u00e9ano Atl\u00e1ntico, con la Bret\u00f3n Finisterre como punto de partida, a trav\u00e9s del norte de Espa\u00f1a, Portugal y el sur al oeste de la Pen\u00ednsula Ib\u00e9rica para llegar al Estrecho de Gibraltar, puerta de entrada de Europa, que cristaliza muchas tensiones.<\/p>\n<p>La raz\u00f3n para elegir este viaje geogr\u00e1fica es doble:<\/p>\n<ul>\n<li>Un Desde la cornisa atl\u00e1ntica occidental de Europa consiste en territorios que miran hacia el mar, que siempre se ha relacionado;<\/li>\n<li>Por otro lado, estos son territorios trabajadas por una profunda historia de la migraci\u00f3n.<\/li>\n<\/ul>\n<p>Debido a que la migraci\u00f3n interna e internacional han dado forma a su historia y los recuerdos de sus habitantes, las ciudades de la costa atl\u00e1ntica que consideran un \u00e1rea de la cooperaci\u00f3n operativa y privilegiado para investigar los desaf\u00edos que enfrentan los Estados europeos de hoy en d\u00eda.<\/p>\n<h2>Esta iniciativa de un barrio de desplegar en toda Europa<\/h2>\n<p>Este proyecto de cooperaci\u00f3n transnacional tiene sus ra\u00edces en Rennes, en el Blosne el barrio donde se encuentra la edad de la tortuga. Estamos exigiendo esta fuertes ra\u00edces locales del proyecto y esta noci\u00f3n de la influencia europea en el \u00e1mbito local.<\/p>\n<p style=\"padding-left: 30px;\"><span style=\"color: #808080;\"><em>\u00bfQuieres pasar es haber hecho la mitad del camino (Proverbio \u00e1rabe)<\/em><\/span><\/p>\n<p>Esta empresa enciclop\u00e9dica ofrece la oportunidad de fortalecer los lazos con la ciudad, con los l\u00edderes y movimientos de todo tipo, entre el proyecto asociativo y el barrio ofreciendo contra el don art\u00edstico en el reconocimiento de las donaciones de los ciudadanos migrantes y contribuyentes a la trabajo de la enciclopedia.<\/p>\n","protected":false},"excerpt":{"rendered":"<p>Entre Gibraltar y Breta\u00f1a Finisterre La Enciclopedia de los migrantes re\u00fane a tres pa\u00edses &#8211; Francia, Espa\u00f1a, Portugal &#8211; y el territorio de ultramar de Gibraltar, un territorio brit\u00e1nico de ultramar en el sur de la Pen\u00ednsula Ib\u00e9rica. El \u00e1rea geogr\u00e1fica que hemos elegido para la Enciclopedia de los migrantes da la bienvenida a los&#8230;  <a class=\"excerpt-read-more\" href=\"https:\/\/enciclopedia-de-los-migrantes.eu\/es\/projet\/carte\/\" title=\"LeerLa carta\">Leer m\u00e1s &raquo;<\/a><\/p>\n","protected":false},"author":4,"featured_media":0,"parent":2,"menu_order":0,"comment_status":"closed","ping_status":"closed","template":"","meta":{"footnotes":""},"translation":{"provider":"WPGlobus","version":"2.12.2","language":"es","enabled_languages":["fr","es","pt","en"],"languages":{"fr":{"title":true,"content":true,"excerpt":false},"es":{"title":true,"content":true,"excerpt":false},"pt":{"title":true,"content":true,"excerpt":false},"en":{"title":true,"content":true,"excerpt":false}}},"acf":[],"_links":{"self":[{"href":"https:\/\/enciclopedia-de-los-migrantes.eu\/es\/wp-json\/wp\/v2\/pages\/26"}],"collection":[{"href":"https:\/\/enciclopedia-de-los-migrantes.eu\/es\/wp-json\/wp\/v2\/pages"}],"about":[{"href":"https:\/\/enciclopedia-de-los-migrantes.eu\/es\/wp-json\/wp\/v2\/types\/page"}],"author":[{"embeddable":true,"href":"https:\/\/enciclopedia-de-los-migrantes.eu\/es\/wp-json\/wp\/v2\/users\/4"}],"replies":[{"embeddable":true,"href":"https:\/\/enciclopedia-de-los-migrantes.eu\/es\/wp-json\/wp\/v2\/comments?post=26"}],"version-history":[{"count":0,"href":"https:\/\/enciclopedia-de-los-migrantes.eu\/es\/wp-json\/wp\/v2\/pages\/26\/revisions"}],"up":[{"embeddable":true,"href":"https:\/\/enciclopedia-de-los-migrantes.eu\/es\/wp-json\/wp\/v2\/pages\/2"}],"wp:attachment":[{"href":"https:\/\/enciclopedia-de-los-migrantes.eu\/es\/wp-json\/wp\/v2\/media?parent=26"}],"curies":[{"name":"wp","href":"https:\/\/api.w.org\/{rel}","templated":true}]}}