{"id":30,"date":"2015-10-07T10:10:37","date_gmt":"2015-10-07T09:10:37","guid":{"rendered":"https:\/\/www.enciclopedia-de-los-migrantes.eu\/?page_id=30"},"modified":"2017-12-14T17:50:34","modified_gmt":"2017-12-14T16:50:34","slug":"pedagogie","status":"publish","type":"page","link":"https:\/\/enciclopedia-de-los-migrantes.eu\/es\/projet\/pedagogie\/","title":{"rendered":"Recursos educativos"},"content":{"rendered":"<p>Difunde una serie de metodolog\u00edas aplicadas al proyecto, relativas al establecimiento de asociaciones con las ciudades, los textos de referencia, la organizaci\u00f3n de la recogida de testimonios o, incluso, las s\u00edntesis del Grupo de Reflexi\u00f3n que ha participado en el proyecto, desde las primeras reflexiones sobre las metodolog\u00edas que se deb\u00edan aplicar hasta su evaluaci\u00f3n.<\/p>\n","protected":false},"excerpt":{"rendered":"<p>Difunde una serie de metodolog\u00edas aplicadas al proyecto, relativas al establecimiento de asociaciones con las ciudades, los textos de referencia, la organizaci\u00f3n de la recogida de testimonios o, incluso, las s\u00edntesis del Grupo de Reflexi\u00f3n que ha participado en el proyecto, desde las primeras reflexiones sobre las metodolog\u00edas que se deb\u00edan aplicar hasta su evaluaci\u00f3n.<\/p>\n","protected":false},"author":4,"featured_media":0,"parent":2,"menu_order":0,"comment_status":"closed","ping_status":"closed","template":"","meta":{"footnotes":""},"translation":{"provider":"WPGlobus","version":"2.12.2","language":"es","enabled_languages":["fr","es","pt","en"],"languages":{"fr":{"title":true,"content":true,"excerpt":false},"es":{"title":true,"content":true,"excerpt":false},"pt":{"title":true,"content":true,"excerpt":false},"en":{"title":true,"content":true,"excerpt":false}}},"acf":[],"_links":{"self":[{"href":"https:\/\/enciclopedia-de-los-migrantes.eu\/es\/wp-json\/wp\/v2\/pages\/30"}],"collection":[{"href":"https:\/\/enciclopedia-de-los-migrantes.eu\/es\/wp-json\/wp\/v2\/pages"}],"about":[{"href":"https:\/\/enciclopedia-de-los-migrantes.eu\/es\/wp-json\/wp\/v2\/types\/page"}],"author":[{"embeddable":true,"href":"https:\/\/enciclopedia-de-los-migrantes.eu\/es\/wp-json\/wp\/v2\/users\/4"}],"replies":[{"embeddable":true,"href":"https:\/\/enciclopedia-de-los-migrantes.eu\/es\/wp-json\/wp\/v2\/comments?post=30"}],"version-history":[{"count":0,"href":"https:\/\/enciclopedia-de-los-migrantes.eu\/es\/wp-json\/wp\/v2\/pages\/30\/revisions"}],"up":[{"embeddable":true,"href":"https:\/\/enciclopedia-de-los-migrantes.eu\/es\/wp-json\/wp\/v2\/pages\/2"}],"wp:attachment":[{"href":"https:\/\/enciclopedia-de-los-migrantes.eu\/es\/wp-json\/wp\/v2\/media?parent=30"}],"curies":[{"name":"wp","href":"https:\/\/api.w.org\/{rel}","templated":true}]}}