{"id":32,"date":"2015-10-07T10:11:22","date_gmt":"2015-10-07T09:11:22","guid":{"rendered":"https:\/\/www.enciclopedia-de-los-migrantes.eu\/?page_id=32"},"modified":"2017-10-18T10:56:10","modified_gmt":"2017-10-18T09:56:10","slug":"equipe","status":"publish","type":"page","link":"https:\/\/enciclopedia-de-los-migrantes.eu\/es\/projet\/equipe\/","title":{"rendered":"El equipo"},"content":{"rendered":"<p style=\"text-align: center;\"><strong>Concepci\u00f3n y direcci\u00f3n art\u00edstica<\/strong><br \/>\nPaloma Fern\u00e1ndez Sobrino<\/p>\n<p style=\"text-align: center;\"><strong>Direcci\u00f3n de la publicaci\u00f3n<\/strong><br \/>\nPaloma Fern\u00e1ndez Sobrino y Antoine Chaudet\u00a0 (L\u2019\u00e2ge de la tortue)<\/p>\n<p style=\"text-align: center;\"><strong>Coordinaci\u00f3n general del proyecto<\/strong><strong> y direcci\u00f3n de la producci\u00f3n<\/strong><br \/>\nC\u00e9line Laflute (L\u2019\u00e2ge de la tortue)<\/p>\n<p>&nbsp;<\/p>\n<p><strong>Testimonios<\/strong><br \/>\nMelissa A. Lebeau, Salim Abderrazak, Clara Abdullah, Loubna Abouelaich, Jeff Abrahamson, Gustavo Acosta, Robert Adams, Luiza Afek, Modeste Affanou, Noshad Ahmed, M\u00fbn\u00fbr Akt\u00fcrk, Mowaffaq Al Shammari, MD. Shah Alam, Rosa Emma Alarc\u00f3n, Hassani Ali Idjihadi, Raed Aljundi Aljundi, Leta Almeda, Rub\u00e9n Alejandro Alonso D\u00edez, Ay\u015fe-Esin Altiparmak, Guluzar Altiparmak, Nuray Altiparmak, Pedro \u00c1lvaro, Lahbib Amani, Mariazinha Amont\u00e3o, Dynka Amorim, Vonjy Andrianatoandro, Maya Kirilova Angelova, Rica Simona Antin, Nzinga Ant\u00f3nio, Mustapha Aouhar, Sandra Jacqueline Ardiles Moreno, Andrea Arias L\u00f3pez, Alejandro Sergio Arias L\u00f3pez-Rocha, Tania Asa, Abdellahi Athman Ahmed, Fatima Ayachi, Kahina Azzegag, Mamadou Ba, Rihab Baghdadi Tahan, Qingshi Bai, Jennifer Ballantine Perera, Katarzyna Baranska, Fouzia Baridi, Viktorija Barnes, Samantha Becerra Zita, Aomar Bela\u00efd, Khaddouma Bellahcen, Marisa Bellavoir, Catrin Bellay, Jules Bellingham, Ahmed Benabdallah, Benson, Samira Bezdrob, Andr\u00e9s Bola\u00f1os Vidal, El Bosnio, Michele Busatta, Joaqu\u00edn Bustamante Garc\u00eda, V\u00edctor Jos\u00e9 Cabrera Baglietto, Thyda Cagniart-Chean, Patricia Camacho-Mah\u00e9, M\u00f3nica Campo Hurtado, Henry Miguel C\u00e1rdenas Castilla, Em\u00edlia Cardoso, Viviane Carrico, Ferm\u00edn Casa Tejada, Montserrat Casacuberta Palmada, Maria Bella Casaes Teixeira, Ana Luz Castillo Barrios, Liton Chandra Deb, Hoch Chek, Lazhar Cherih, Nevand Charlie Chhatwani, Andrews Chikokoh, Hosna Ara Chowdhury, Sophie Clifton-Tucker, Natalia Constans, H\u00e9ba Cornillet Emam, Abigail Cosme, Evelize Costa, Darius Cotizo, Catalina Cristancho, Cristiane, Abraham Cruz, Cristina Cruz, Ana Cusguen-Konig, Isma D.I., Yuriy Dashko, Nat\u00e1lia de Almeida, Silvio de Paiva Dias, Mary de Santos, Ram\u00f3n Antonio Delvalle Cabrera, Tamara Naomi Delvalle Cabrera, Thierry Desot, Anna Dessenne, Dhrishti Dhanwani, Mohamed Dhaouadi, Cheikh Dia, Ibrahima Diallo, Kalil Diallo, Makan Diarra, Douce Dibondo, Margarita Dimitrova, Richard Diviaraj, Bubacar Djalo, Yann Doko, Thomas Anthony Drury, Alina Dudco, Bogdan-Andrei Duminic\u00e3, Lidia Echavarr\u00eda de Herv\u00e9, Said El Guazani, Milouda El Hankari, Moustafa Elbeshbishy, Karina Erzanoikaeva, Margie Paola Espinoza Barbero, Rebecca Faller, Oumar Fandy Diop, Filipe Faria, Filomena Farinha, Faustina Fatayi, Augusto Fernandes, Paloma Fern\u00e1ndez Sobrino, Luzia Ferreira, Sandra Ferreira V\u00e1zquez, \u00c1ngeles Fl\u00f3rez Pe\u00f3n, Marylin Fonseca Oliveira, Francisco Font Bell, Luz Mery Forero Hern\u00e1ndez, Vera Francis, Jos\u00e9 Fregel, Ashmat Froz, Jamal Gamal, Hong Gao, Laura Garc\u00eda Paredes, Mourad Ghanem, Colette Ghawi, Maria Albertina Gomes, Francisca G\u00f3mez Carballo, Amadeu G\u00f3mez de Almeida Pinto, Jairo Eduardo G\u00f3mez Salazar, Paula G\u00f3mez Sarabia, Mario Gon\u00e7alves, Mart\u00edn Gonz\u00e1lez, Fernando Gonz\u00e1lez Villarreal, Sertap Goulain, Idan Greenberg, Thomas Grzib, Elhadji Gueye, Alassane Guiss\u00e9, Chava Guti\u00e9rrez, Alba Cecilia Guzm\u00e1n, Flor \u00c1ngela Guzm\u00e1n Ma\u00f1ozca, Fatimata Hamey-Warou, Minka Harizanova, Lenke Harmath, Roger Hartmann, Chris Hedley, Helena, Stephen Henshaw, Philippe Hercberg, Elizabeth Mirtha Heredia Murillo, Susan Hodgson, Frithjof Hudepohl, Ming Ming Hung, \u0110\u00f4ng Huong, Atimad Idrissi Senna, Faustino Ie, Mohammed Ifteqarudain, Irakli Iobidze, Gabriela Ionescu, Nadezhda Ivanova, Amar Jebli, Yamina Jebli, Runyuan Jiang, Bismarck Jigena Antelo, Marie Jocelyne, Federico Jolivald, Khaliah Jones, Yonsoo Kang, Julita Kantarowska, Galina Karagodina Moriceau, Pehnaz Karimova, Kopila Dil Karki, Yumi Kato, Fatma-Rima Keba\u00efli, Ay\u015fe Keskin, Ramin Khalilian, Tulasi Khanal, Nataliya Khmil, Victoria Kim, Lumbala Kimbuku, Marie L\u00e9onie Kingansi, Catherine Knock, Cherouk Kouri Abdellah, Irma Kvantchiani, Ahmed Lachguer, Marco Lacomblez Leit\u00e3o, Giuseppe Lagomarsino, Rachid Lakouis, Nadia Lamti Hinojosa, Kevin Lane, Miwako Le Bihan, Jacqueline Le Guerneve, Gudrun Ledegen, Jeoung-Ju Lee, Arcelino Leite Oliveira, Sylvia Lepoultel, Mercedeh Leroux, Marianne Lesoile, Ana Lima Chedas Fernandes, Ronald Linolor, Mar\u00eda Tania Lipacho, Chang Liu Mell, Adriana Mar\u00eda Londo\u00f1o Bermeo, Ant\u00f3nia Lopes, M. el Siria, Ant\u00f3nio Macedo, Taher Mahamat, Bibie Malidi, Tadeusz Malinowski, Hedia Mana\u00ef Bauchet, Elisabeta Mancas, Yassine Mansar\u00e9 Kervella, Romain Charly Manteau, Mustapha Mararat, Diana Jeanifeer Marcano P\u00e9rez, Anna Marchenko, Tatyana Marchenko, Cornel Marcu, Zuzanna Marecka, Vladimir Markovich, Soraia Marques Azeria, Carlos Martins, Pedram Masoudi, Kaisa Masso, Najma Mazroui, Chiara Mazza, Paul McFadzean, Holly Lynn McKendry, Stacey McKendry, Glauciene Melchior, Laurent Mendy, Manuel Merentes, Dagmara Mieczkowska, Vin Mifsud, Mohand, Martha Morales, Noa Edmee Morales Prieto, Francesco Morcaldi, Jos\u00e9 Jorge Moreira Correia, Raimundo Mougan, Abdelghani Moussalli, Janvier Mugirente, Lony Mugisha, Kanita Mukanovic, Wesam Musa Ayesh, Patricio Musalem Nazar, Homoud Mussa, Matar N\u2019Dome, Naderi, Ortensia Nae, Senaratna Nagahapitiye, Giliardo Nascimento, Lisa Ndjebom, Micka\u00ebl Nguyen, Julieta Niguriani, Dihia Noukar Houanti, Anna Novikova, Arlete Numa-Corre, Natalia Nunes Bonnaud, Camilla Nyroth, Maurice O\u2019Connor, Chris O\u2019Reilly, Victor Obertan, Elena Oborotova, Belkis Oliveira, Shailly Alexandra Osteicoechea Petit, Zahra Outougganne, Hugo Alejandro Oviedo Alvarado, Zozan Fatma Oztekin, Elisa Papageorgiou, Iosif Papageorgiou, Jos\u00e9 Parejo Mota, Ram Pawar, Darryl Percival, Adelson Pereira, Feliciano Pereira, Juan P\u00e9rez Escala, Carla Petrelli Petroff, Mar\u00eda-Lourdes Picart, Renato Pinto, Gianina Pirvu, Antonela Pohoata, Sergiy Popoduyk, Rosilda Portas, Paresh Prabhudas, Joana Prondzinska, Georges Puyo, Vijeesh Rajan, Manoela Ramalho Dias, F\u00e1tima Ramos, Ichou Remmani, Martine Renouprez, Carolina Restrepo Fl\u00f3rez, Josefina Reyes, Paz Reyes, Sandra Isabel Reyes Garz\u00f3n, Kyle Reynolds, Jeffrey Rhodes, Fee Rieger, Manuel R\u00edos, Jos\u00e9 Luis R\u00edos Santos, Pl\u00e1cido R\u00edos V\u00e1squez, Gill Robinson, M\u00f3nica Jacqueline Robles S\u00e1nchez, Jair Rocha, Maria Isabel Rodrigues Salgueiro, Brigitte Rodr\u00edguez, Cristina Rodr\u00edguez Ben\u00edtez, Karim Elizabeth Rodr\u00edguez Rivadeneira, Du\u0161an Rodzi\u0148\u00e1k, Patricio Rojas San Mart\u00edn, Silvia Rolla, Christopher Romero, Rosa Romero R\u00edos, Michael Rothwell, Doruntina Rudhani, Araceli Ruiz Toribios, Christopher Russell, Hayette Saadi-Safer, Iman Sabri Abd El Hamid, Aly Said Aly, Fariborz Salimy, Casimiro Essa Samb\u00e9, Sandy, Marli Santana, Chiara Santos, Sarah, Svy Sarang, Lotfi Sari Naceur, Elisa Sartor, Eupr\u00e9mio Scarpa, Konlavi Segbefia, Muazzez Seseogullari Goulain, Eric Shaw, Ziad Shieman Al Labed, Ahmed Sidiki Mpel\u00e9 Agoum\u00e9, Marco Antonio Sierra Toro, Harry Sigmund, Eliz\u00e2ngela Silva, Larissa Simon, Hasmik Simonyan, Maria Soares, Valeria Soave, Elisa Soberli, Sebouh Soghomanian, Adarana Souza Da Silva, Luisa Su\u00e1rez Gonz\u00e1lez, Jeny Sulemange, Eleri Mair Surrey, Adrienn Szil\u00e1gyine Tahaci, Lucia Szvitekova, Pons Tadjidine, Shorena Talakhadze, Yazid Taleb, Diana Tarus, Julie Tebenkova-F\u00e9ougier, Karina Teixeira Valdebenito, Adoraci\u00f3n Test\u00f3n Garc\u00eda, Omar Test\u00f3n R\u00edos, Ketan Thakrar, Christine Linda Thomson, Svenja Vanessa Tissen, Hosny Trabelsi, Carolina Valladares, Albert van der Heide, Paulo Vaskovskyy, Vladimir Vaz, Mar\u00eda V\u00e1zquez, Alicia Judith V\u00e1zquez Zambrano, Janina Vesin, Lola Villacob, Doudou Wade, Gary Walker, Michelle Adriana Warford, Mikhail Whaba, Sim\u00e3o Wiliamo, John Wyke, Jun Xue, Zhilian Yang, G\u00fclser Yilmaz, Leader Yu, Susan Yu, Jorge Lu\u00eds Yupangui Az\u00f3guez, Miriam Julieth Zarate Su\u00e1rez, Olga Zeceva, Mohammed Zentari, Jun Juan Zhang, Khadija Zhani El Moujoud, Wei Zhou, Enver Zirih<\/p>\n<p><strong>Investigadores asociados<\/strong><br \/>\nDavid \u00c1lvarez (Grand Valley State University, Institute for Gibraltar and Mediterranean Studies, University of Gibraltar, Gibraltar\/Reino Unido), Jennifer Ballantine Perera (Gibraltar Garrison Library and Institute for Gibraltar and Mediterranean Studies, University of Gibraltar, Gibraltar\/Reino Unido), Andr\u00e9 Belo (laboratoire ERIMIT, Universit\u00e9 Rennes 2, Francia), \u00c1ngel Belzunegui (SBRlab, Universitat Rovira i Virgili, Espa\u00f1a), Andrew Canessa (University of Essex, Reino Unido), Montserrat Casacuberta Palmada (laboratoire ERIMIT, Universit\u00e9 Rennes 2, Francia), David Due\u00f1as (SBRlab, Universitat Rovira i Virgili, Espa\u00f1a), Luisa Ferreira da Silva (ASI, Portugal), Almudena Garc\u00eda Manso (Universidad Rey Juan Carlos, Espa\u00f1a), Kevin Lane (Institute for Gibraltar and Mediterranean Studies, University of Gibraltar, Gibraltar\/Reino Unido), Gudrun Ledegen (laboratoire PREFics, Universit\u00e9 Rennes 2, Francia), Anne Morillon (collectif Topik, Rennes, Francia), Belkis Oliveira (ASI, Portugal), Andr\u00e9 Pereira Matos (Universidade Portucalense, Portugal), Ram\u00f3n P\u00e9rez de Lara (Escuela de Bellas Artes, C\u00e1diz, Espa\u00f1a), Vasco Salazar (ASI, Portugal), Andr\u00e9 Sauvage (IAUR, Universit\u00e9 Rennes 2, Francia), Thomas Vetier (laboratoire PREFics, Universit\u00e9 Rennes 2, Francia)<\/p>\n<p><strong>Direcci\u00f3n de la fotograf\u00eda<\/strong><br \/>\nAntoine Chaudet (L\u2019\u00e2ge de la tortue)<\/p>\n<p><strong>Fot\u00f3grafos<\/strong><br \/>\nBrest: Vincent Gouriou, Nicolas Hergoualc\u2019h, Rennes: Antoine Chaudet, Bertrand Cousseau, Nantes: Laurence Brassamin, Camille Hervouet, Gij\u00f3n: Lluc Queralt Baiges, Laura Rodr\u00edguez, C\u00e1diz: Julian Ochoa, Pedro Sara, Lisboa: Pablo L\u00f3pez, Carla Rosado, Oporto: Lara Jacinto, Antonio Pedrosa, Gibraltar: Stefano Blanca, Lizanne Figueras<\/p>\n<p><strong>Coordinaci\u00f3n nacional<\/strong><br \/>\nFrancia: C\u00e9line Laflute (L\u2019\u00e2ge de la tortue), Espa\u00f1a: David Due\u00f1as (Universitat Rovira i Virgili), Portugal: Belkis Oliveira y Vasco Salazar (ASI), Gibraltar: Kevin Lane (Ministry of Sports, Culture, Heritage and Youth of Gibraltar)<\/p>\n<p><strong>Coordinaci\u00f3n local<\/strong><br \/>\nBrest: Armelle Kermorgant (ABAAFE), Rennes: C\u00e9line Laflute (L\u2019\u00e2ge de la tortue), Nantes: Fran\u00e7ois Prochasson y Vanessa Durand (MCM), Gij\u00f3n: Andr\u00e9s Bola\u00f1os Vidal y Tamara Ortega (Tragacanto), C\u00e1diz: Cristina Servan (APDHA), Lisboa: Filipa Bolotinha (Renovar a Mouraria), Oporto: N\u00eddia Azevedo (ASI), Gibraltar: Kevin Lane (Ministry of Sports, Culture, Heritage and Youth of Gibraltar)<\/p>\n<p><strong>Personas contacto<\/strong><br \/>\nBrest: Marie-Lise Martins y Sarah Moune, Rennes: Thierry Deshayes, Paloma Fern\u00e1ndez Sobrino y Thomas Vetier, Nantes: Catherine Liabastre y Bernard Vrignon, Gij\u00f3n: Andr\u00e9s Bola\u00f1os Vidal y Tamara Ortega, C\u00e1diz: Milouda El Hankari El Bouzidi y Kanita Mukanovic, Lisboa: C\u00e1tia Lopes, Oporto: N\u00eddia Azevedo y Marylin Oliveira, Gibraltar: Shane Dalmedo y Jonathan Santos<\/p>\n<p><strong>Referentes de las ciudades asociadas<\/strong><br \/>\nBrest: Philippe Lorreyte (Direction Culture et animation, Ville de Brest), Rennes: Sarah Ansari (Direction Associations Jeunesse \u00c9galit\u00e9, Mission \u00c9galit\u00e9, Ville de Rennes\/Rennes M\u00e9tropole), Nantes: Ir\u00e8ne Gillardot (Direction Patrimoine et arch\u00e9ologie, Ville de Nantes), Gij\u00f3n: Enrique Rodr\u00edguez Mart\u00edn (Departamento de Iniciativas Internacionales y Asuntos Europeos\u200b, Ayuntamiento de Gij\u00f3n\u200b), C\u00e1diz: Carmen Montes y Mar\u00eda Gallego (Fundaci\u00f3n Municipal de Cultura, Ayuntamiento de C\u00e1diz\u200b), Lisboa: Manuel Veiga y Anick Bilreiro (Dire\u00e7\u00e3o Municipal de Cultura\u200b, C\u00e2mara Municipal de Lisboa), Oporto: Maria Jo\u00e3o Rodrigues Sampaio y Anna Luisa Ramos (Biblioteca P\u00fablica Municipal do Porto\u200b, C\u00e2mara Municipal do Porto), Gibraltar: Kevin Lane (Ministry of Sports, Culture, Heritage and Youth of Gibraltar, HM Governement of Gibraltar)<\/p>\n<p><strong>Coordinaci\u00f3n cient\u00edfica<\/strong><br \/>\n\u00c1ngel Belzunegui y David Due\u00f1as (Universitat Rovira i Virgili, Espa\u00f1a), Gudrun Ledegen (laboratoire PREFics, Universit\u00e9 Rennes 2, France)<\/p>\n<p><strong>Referentes cient\u00edficos nacionales<\/strong><br \/>\nFrancia: Gudrun Ledegen, Thierry Bulot (laboratoire PREFics, Universit\u00e9 Rennes 2) y Anne Morillon (collectif Topik, Rennes), Espa\u00f1a: \u00c1ngel Belzunegui y David Due\u00f1as (Universitat Rovira i Virgili), Portugal: Luisa Ferreira da Silva (ASI), Gibraltar: Jennifer Ballantine Perera (Gibraltar Garrison Library and Institute for Gibraltar and Mediterranean Studies, University of Gibraltar, Gibraltar\/Reino Unido)<\/p>\n<p><strong>Referente de \u201cevaluaci\u00f3n y perspectivas\u201d<\/strong><br \/>\nAnne Morillon (collectif Topik, Rennes, Francia)<\/p>\n<p><strong>Contribuci\u00f3n a la cooperaci\u00f3n cient\u00edfica y a la consolidaci\u00f3n del proyecto en el barrio del Blosne<\/strong><br \/>\nAndr\u00e9 Sauvage (Institut d\u2019am\u00e9nagement et d\u2019urbanisme de Rennes, Universit\u00e9 Rennes 2)<\/p>\n<p><strong>Acompa\u00f1amiento del desarrollo y de la valoraci\u00f3n del proyecto<\/strong><br \/>\nJean-Barth\u00e9lemi Debost (Mus\u00e9e national de l\u2019histoire de l\u2019immigration, Paris, Francia)<\/p>\n<p><strong>Comunicaci\u00f3n<\/strong><br \/>\nDirecci\u00f3n: Antoine Chaudet (L\u2019\u00e2ge de la tortue) en colaboraci\u00f3n con todos los coordinadores nacionales y locales<\/p>\n<p><strong>Seguimiento administrativo<\/strong><br \/>\nC\u00e9cile Messager y Claire Bizien (L\u2019\u00e2ge de la tortue)<\/p>\n<p><strong>Creaci\u00f3n gr\u00e1fica<\/strong><br \/>\nDirecci\u00f3n: Antoine Chaudet (L\u2019\u00e2ge de la tortue), Investigaci\u00f3n gr\u00e1fica para la maqueta de la obra: L\u00e9na\u00efg Friguel (LISAA), Investigaci\u00f3n documental: Aurore Chapon (L\u2019\u00e2ge de la tortue), Composici\u00f3n: Marion Bazoge, Geoffrey Rebillou y Margaux Rollando (L\u2019\u00e2ge de la tortue)<\/p>\n<p><strong>Coordinaci\u00f3n editorial<\/strong><br \/>\nSophie-Laure Gresse (L\u2019\u00e2ge de la tortue)<\/p>\n<p><strong>Traducci\u00f3n<\/strong><br \/>\nInpuzzle (Rennes, Francia) y el conjunto de personas que han contribuido a traducir las cartas manuscritas redactadas en la lengua materna de los migrantes hacia la lengua del pa\u00eds en el que se recogieron dichas cartas (hacia el franc\u00e9s, el espa\u00f1ol, el portugu\u00e9s o el ingl\u00e9s)<\/p>\n<p><strong>Impresi\u00f3n<\/strong><br \/>\nMediaGraphic (Rennes, Francia)<\/p>\n<p><strong>Encuadernaci\u00f3n<\/strong><br \/>\nMaison Vitoz (B\u00e9d\u00e9e, Francia)<\/p>\n<p><strong>Tipograf\u00edas<\/strong><br \/>\nStuart Pro NONPAREILLE (Matthieu Cortat), Avenir (Adrian Frutiger)<\/p>\n<p><strong>Desarrollo del sitio web<\/strong><br \/>\nAm\u00e9lie Murie, Yann Garandel y Arnaud Robin (CREA, Universit\u00e9 Rennes 2)<\/p>\n<p><strong>Realizaci\u00f3n de la versi\u00f3n digital de la Enciclopedia<\/strong><br \/>\nCoordinaci\u00f3n: Antoine Chaudet (L\u2019\u00e2ge de la tortue) y Am\u00e9lie Murie (CREA, Universit\u00e9 Rennes 2), Desarollo: Arnaud Robin e Yann Garandel (CREA, Universit\u00e9 Rennes 2), Creaci\u00f3n de la interfaz gr\u00e1fica: Geoffrey Rebillou, Marion Bazoge y Margaux Rollando (L\u2019\u00e2ge de la tortue)<\/p>\n<p><strong>Realizaci\u00f3n del documental<\/strong><br \/>\nDirecci\u00f3n: Fr\u00e9d\u00e9ric Leterrier, Codirecci\u00f3n y coordinaci\u00f3n: Beno\u00eet Raoulx, Ayuda a las tomas y al montaje: Martin Benoist, Beno\u00eet Curial y Margaux Verove (dentro de una actuaci\u00f3n del programa \u201cCine e Investigaci\u00f3n en Ciencias Humanas\u201d (FRESH), desarrollado de forma conjunta por la Casa de la Investigaci\u00f3n en Ciencias Humanas de la Universidad de Caen-Normand\u00eda y la Casa de las Ciencias Humanas de Breta\u00f1a (MSHB)<\/p>\n","protected":false},"excerpt":{"rendered":"<p>Concepci\u00f3n y direcci\u00f3n art\u00edstica Paloma Fern\u00e1ndez Sobrino Direcci\u00f3n de la publicaci\u00f3n Paloma Fern\u00e1ndez Sobrino y Antoine Chaudet\u00a0 (L\u2019\u00e2ge de la tortue) Coordinaci\u00f3n general del proyecto y direcci\u00f3n de la producci\u00f3n C\u00e9line Laflute (L\u2019\u00e2ge de la tortue) &nbsp; Testimonios Melissa A. Lebeau, Salim Abderrazak, Clara Abdullah, Loubna Abouelaich, Jeff Abrahamson, Gustavo Acosta, Robert Adams, Luiza Afek,&#8230;  <a class=\"excerpt-read-more\" href=\"https:\/\/enciclopedia-de-los-migrantes.eu\/es\/projet\/equipe\/\" title=\"LeerEl equipo\">Leer m\u00e1s &raquo;<\/a><\/p>\n","protected":false},"author":4,"featured_media":0,"parent":2,"menu_order":0,"comment_status":"closed","ping_status":"closed","template":"","meta":{"footnotes":""},"translation":{"provider":"WPGlobus","version":"2.12.2","language":"es","enabled_languages":["fr","es","pt","en"],"languages":{"fr":{"title":true,"content":true,"excerpt":false},"es":{"title":true,"content":true,"excerpt":false},"pt":{"title":true,"content":true,"excerpt":false},"en":{"title":true,"content":true,"excerpt":false}}},"acf":[],"_links":{"self":[{"href":"https:\/\/enciclopedia-de-los-migrantes.eu\/es\/wp-json\/wp\/v2\/pages\/32"}],"collection":[{"href":"https:\/\/enciclopedia-de-los-migrantes.eu\/es\/wp-json\/wp\/v2\/pages"}],"about":[{"href":"https:\/\/enciclopedia-de-los-migrantes.eu\/es\/wp-json\/wp\/v2\/types\/page"}],"author":[{"embeddable":true,"href":"https:\/\/enciclopedia-de-los-migrantes.eu\/es\/wp-json\/wp\/v2\/users\/4"}],"replies":[{"embeddable":true,"href":"https:\/\/enciclopedia-de-los-migrantes.eu\/es\/wp-json\/wp\/v2\/comments?post=32"}],"version-history":[{"count":0,"href":"https:\/\/enciclopedia-de-los-migrantes.eu\/es\/wp-json\/wp\/v2\/pages\/32\/revisions"}],"up":[{"embeddable":true,"href":"https:\/\/enciclopedia-de-los-migrantes.eu\/es\/wp-json\/wp\/v2\/pages\/2"}],"wp:attachment":[{"href":"https:\/\/enciclopedia-de-los-migrantes.eu\/es\/wp-json\/wp\/v2\/media?parent=32"}],"curies":[{"name":"wp","href":"https:\/\/api.w.org\/{rel}","templated":true}]}}