{"id":65,"date":"2015-10-13T09:05:00","date_gmt":"2015-10-13T08:05:00","guid":{"rendered":"https:\/\/www.enciclopedia-de-los-migrantes.eu\/?page_id=65"},"modified":"2017-03-02T13:45:14","modified_gmt":"2017-03-02T12:45:14","slug":"mentions","status":"publish","type":"page","link":"https:\/\/enciclopedia-de-los-migrantes.eu\/es\/mentions\/","title":{"rendered":"Mentions l\u00e9gales"},"content":{"rendered":"<p>Merci de lire attentivement les mentions l\u00e9gales expos\u00e9es ci-dessous. En faisant usage de ce site, vous d\u00e9clarez accepter ces mentions.<\/p>\n<h2>Mentions relatives aux marques et droits d\u2019auteur<\/h2>\n<p>Ce site et tous ses contenus sont sous licence Creative Commons.<\/p>\n<p>La reproduction de l\u2019int\u00e9gralit\u00e9 du contenu de ce portail est autoris\u00e9e, tout particuli\u00e8rement dans le cadre p\u00e9dagogique, sous r\u00e9serve du respect des conditions de r\u00e9utilisation et\/ou de distribution d\u2019\u0153uvres r\u00e9gies par la licence Creative Commons : \u00ab Paternit\u00e9, Pas d\u2019utilisation commerciale, Pas de modification \u00bb<br \/>\n<a href=\"http:\/\/creativecommons.org\/licenses\/by-nc-nd\/2.0\/fr\/\" target=\"_blank\">http:\/\/creativecommons.org\/licenses\/by-nc-nd\/2.0\/fr\/<\/a><\/p>\n<a href=\"http:\/\/creativecommons.org\/licenses\/by-nc-nd\/2.0\/fr\/\" target=\"_blank\"><img decoding=\"async\" loading=\"lazy\" class=\"alignnone wp-image-1691 size-full\" src=\"http:\/\/www.encyclopedie-des-migrants.eu\/wp-content\/uploads\/creativecommons.gif\" width=\"336\" height=\"80\" \/><\/a>\n<p style=\"background:#EEE; padding:25px;\"><strong>Mention obligatoire \u00e0 faire figurer pour toute reproduction<br \/>\n<\/strong>\u00ab <em>L\u2019Encyclop\u00e9die des migrants \u2012 www.encyclopedie-des-migrants.eu \u2013 projet de coop\u00e9ration europ\u00e9enne coordonn\u00e9 par L\u2019\u00e2ge de la tortue, \u00e0 l\u2019initiative de l\u2019artiste Paloma Fern\u00e1ndez Sobrino<\/em> \u00bb<\/p>\n<p>L\u2019\u00e2ge de la tortue ne saurait en aucun cas \u00eatre tenue pour responsable, quel que soit le fondement de l\u2019action en responsabilit\u00e9 qui pourrait \u00eatre invoqu\u00e9, de dommages directs ou indirects r\u00e9sultant de l\u2019utilisation du site, ou li\u00e9e \u00e0 celle-ci ainsi qu\u2019aux usages des informations disponibles sur le site. Elle d\u00e9gage sa responsabilit\u00e9 pour tout dommage qui r\u00e9sulterait d\u2019un arr\u00eat d\u2019utilisation, d\u2019une perte de donn\u00e9es ou de b\u00e9n\u00e9fices.<\/p>\n<p>Les marques et logos figurant sur ce site sont la propri\u00e9t\u00e9 de l\u2019association L\u2019\u00e2ge de la tortue ou de tiers ; ils ne doivent pas \u00eatre utilis\u00e9s \u00e0 des fins commerciales sans le consentement \u00e9crit et pr\u00e9alable du propri\u00e9taire de la marque (art. L. 713-2 du Code de la Propri\u00e9t\u00e9 Intellectuelle). Le sigle L\u2019Encyclop\u00e9die des migrants et les logos utilis\u00e9s sont des marques d\u00e9pos\u00e9es.<\/p>\n<p>Les noms, produits et services qui sont mentionn\u00e9s par ailleurs dans le site sont des marques qui doivent \u00eatre regard\u00e9es comme appartenant \u00e0 leurs propri\u00e9taires respectifs. Il en est de m\u00eame pour tous les logiciels, textes, images anim\u00e9es ou fixes, sons, savoir-faire, dessins, graphismes (\u2026) et tous autres \u00e9l\u00e9ments composant le site \u00ab http:\/\/www.encyclopedie-des-migrants.eu \u00bb.\u2028Les soci\u00e9t\u00e9s et les noms cit\u00e9s ne sont donn\u00e9s qu\u2019\u00e0 titre d\u2019exemple. Ces citations ne doivent laisser supposer aucune association de \u00ab http:\/\/www.encyclopedie-des-migrants.eu \u00bb avec toute autre soci\u00e9t\u00e9, nom ou produit.<\/p>\n<p>Tous les droits qui ne sont pas express\u00e9ment conc\u00e9d\u00e9s sont r\u00e9serv\u00e9s \u00e0 L\u2019\u00e2ge de la tortue. En outre, celle-ci n\u2019entend faire aucune d\u00e9claration sur le caract\u00e8re appropri\u00e9 d\u2019un usage particulier des informations contenues dans les documents et dans les \u00e9l\u00e9ments graphiques publi\u00e9s sur ce site. Toute garantie de ce fait est exclue.<\/p>\n<h2>Mentions relatives aux liens hypertextes<\/h2>\n<p>Les liens hypertextes de \u00ab http:\/\/www.encyclopedie-des-migrants.eu \u00bb vous font quitter le site. Les sites cibles ne sont pas sous le contr\u00f4le de http:\/\/www.encyclopedie-des-migrants.eu ; par cons\u00e9quent, L\u2019\u00e2ge de la tortue n\u2019est pas responsable du contenu de ces sites, des liens qu\u2019ils contiennent, ni des changements ou mises \u00e0 jour qui leur sont apport\u00e9s. Les liens sont pr\u00e9sents sur le site pour votre commodit\u00e9 et leur inclusion n\u2019implique aucune approbation par L\u2019\u00e2ge de la tortue. Les risques li\u00e9s \u00e0 l\u2019utilisation de ces sites incombent donc pleinement \u00e0 l\u2019utilisateur.<br \/>\nTout lien hypertexte vers le site http:\/\/www.encyclopedie-des-migrants.eu ou l\u2019une de ses pages est libre, \u00e0 condition d\u2019indiquer clairement la source.<\/p>\n<h2>Donn\u00e9es \u00e0 caract\u00e8re personnel sur le site<\/h2>\n<p>Conform\u00e9ment \u00e0 la loi \u00ab Informatique et Libert\u00e9s \u00bb, le traitement des informations nominatives relatives aux internautes a fait l\u2019objet d\u2019une d\u00e9claration aupr\u00e8s de la Commission Nationale de l\u2019Informatique et des Libert\u00e9s (CNIL).\u2028Par cons\u00e9quent, conform\u00e9ment \u00e0 la loi Informatique et Libert\u00e9s du 6 janvier 1978 ; article 34 de la loi n\u00b0 78-17 ; vous disposez d\u2019un droit de modification, de rectification et de suppression des donn\u00e9es vous concernant. Pour l\u2019exercer, adressez-vous \u00e0 la r\u00e9daction du portail, en \u00e9crivant \u00e0 contact@agedelatortue.org<\/p>\n<h2>Informations sur les contenus<\/h2>\n<p>Les informations contenues sur le site de L\u2019Encyclop\u00e9die des migrants, y compris leur aspect et leurs caract\u00e9ristiques, sont non contractuelles. Ces informations ne constituent en aucun cas une assertion, une garantie ou un engagement de la part de L\u2019\u00e2ge de la tortue \u00e0 l\u2019\u00e9gard de tout produit ou service. Par cons\u00e9quent, L\u2019\u00e2ge de la tortue d\u00e9cline toute responsabilit\u00e9, expresse ou implicite, quant \u00e0 leur compl\u00e9tude, leur exactitude ou leur ad\u00e9quation \u00e0 un but quelconque.\u2028De m\u00eame, L\u2019\u00e2ge de la tortue ne peut garantir que toutes les informations mises en ligne sur le site de L\u2019Encyclop\u00e9die des migrants sont compl\u00e8tes, pr\u00e9cises, exactes, d\u00e9pourvues de toutes erreur et \u00e0 jour.<br \/>\nL\u2019utilisateur qui constaterait des inexactitudes, des informations erron\u00e9es ou des informations de caract\u00e8re manifestement illicite, est tenu d\u2019en informer le directeur de la publication, Antoine Chaudet, charg\u00e9 de communication de L\u2019\u00e2ge de la tortue, afin que celui-ci y mette fin.\u2028L\u2019\u00e2ge de la tortue d\u00e9cline toute responsabilit\u00e9 quant \u00e0 la pertinence des informations fournies et \u00e0 l\u2019utilisation qu\u2019un internaute est susceptible d\u2019en faire.<\/p>\n<h2>Informations techniques<\/h2>\n<p>Il est rappel\u00e9 que le secret des correspondances n\u2019est pas garanti sur le r\u00e9seau Internet et qu\u2019il appartient \u00e0 chaque utilisateur d\u2019Internet de prendre toutes les mesures appropri\u00e9es de fa\u00e7on \u00e0 prot\u00e9ger ses propres donn\u00e9es et\/ou logiciels de la contamination d\u2019\u00e9ventuels virus circulant sur Internet. Il est rappel\u00e9 que le fait d\u2019acc\u00e9der ou de se maintenir frauduleusement dans un syst\u00e8me informatique, d\u2019entraver ou de fausser le fonctionnement d\u2019un tel syst\u00e8me, d\u2019introduire ou de modifier ses donn\u00e9es constitue des d\u00e9lits passibles de sanctions p\u00e9nales.<\/p>\n<h2>Accessibilit\u00e9<\/h2>\n<p>Le site est optimis\u00e9 pour un affichage en 1024*768 mais peut \u00e9galement \u00eatre consult\u00e9 dans un affichage en 800*600.<\/p>\n<h2>Informations concernant les modifications<\/h2>\n<p>L\u2019\u00e2ge de la tortue se r\u00e9serve le droit de modifier ou de corriger le contenu du site Internet \u00e0 tout moment et sans pr\u00e9avis.\u2028 L\u2019\u00e2ge de la tortue se r\u00e9serve le droit de modifier les pr\u00e9sentes mentions \u00e0 tout moment. L\u2019utilisateur s\u2019engage donc \u00e0 les consulter r\u00e9guli\u00e8rement.<\/p>\n<h2>H\u00e9bergement<\/h2>\n<p>L\u2019h\u00e9bergement du serveur de production est assur\u00e9 par le Centre de Ressources et d\u2019\u00c9tudes Audiovisuelles de l\u2019Universit\u00e9 Rennes 2.<\/p>\n<h2>Contact<\/h2>\n<p>Pour contacter le responsable du site :<\/p>\n<p><strong>L\u2019\u00e2ge de la tortue<\/strong><br \/>\n10 bis square de Nim\u00e8gue<br \/>\n35200 Rennes<br \/>\nT\u00e9l : +339 50 18 51 65 \/ +336 61 75 76 03<br \/>\nCourriel : contact [at] agedelatortue.org<\/p>\n","protected":false},"excerpt":{"rendered":"<p>Merci de lire attentivement les mentions l\u00e9gales expos\u00e9es ci-dessous. En faisant usage de ce site, vous d\u00e9clarez accepter ces mentions. Mentions relatives aux marques et droits d\u2019auteur Ce site et tous ses contenus sont sous licence Creative Commons. La reproduction de l\u2019int\u00e9gralit\u00e9 du contenu de ce portail est autoris\u00e9e, tout particuli\u00e8rement dans le cadre p\u00e9dagogique,&#8230;  <a class=\"excerpt-read-more\" href=\"https:\/\/enciclopedia-de-los-migrantes.eu\/es\/mentions\/\" title=\"LeerMentions l\u00e9gales\">Leer m\u00e1s &raquo;<\/a><\/p>\n","protected":false},"author":4,"featured_media":0,"parent":0,"menu_order":100,"comment_status":"closed","ping_status":"closed","template":"","meta":{"footnotes":""},"translation":{"provider":"WPGlobus","version":"2.12.2","language":"es","enabled_languages":["fr","es","pt","en"],"languages":{"fr":{"title":true,"content":true,"excerpt":false},"es":{"title":false,"content":false,"excerpt":false},"pt":{"title":false,"content":false,"excerpt":false},"en":{"title":false,"content":false,"excerpt":false}}},"acf":[],"_links":{"self":[{"href":"https:\/\/enciclopedia-de-los-migrantes.eu\/es\/wp-json\/wp\/v2\/pages\/65"}],"collection":[{"href":"https:\/\/enciclopedia-de-los-migrantes.eu\/es\/wp-json\/wp\/v2\/pages"}],"about":[{"href":"https:\/\/enciclopedia-de-los-migrantes.eu\/es\/wp-json\/wp\/v2\/types\/page"}],"author":[{"embeddable":true,"href":"https:\/\/enciclopedia-de-los-migrantes.eu\/es\/wp-json\/wp\/v2\/users\/4"}],"replies":[{"embeddable":true,"href":"https:\/\/enciclopedia-de-los-migrantes.eu\/es\/wp-json\/wp\/v2\/comments?post=65"}],"version-history":[{"count":0,"href":"https:\/\/enciclopedia-de-los-migrantes.eu\/es\/wp-json\/wp\/v2\/pages\/65\/revisions"}],"wp:attachment":[{"href":"https:\/\/enciclopedia-de-los-migrantes.eu\/es\/wp-json\/wp\/v2\/media?parent=65"}],"curies":[{"name":"wp","href":"https:\/\/api.w.org\/{rel}","templated":true}]}}