{"id":71,"date":"2015-10-13T09:18:21","date_gmt":"2015-10-13T08:18:21","guid":{"rendered":"https:\/\/www.enciclopedia-de-los-migrantes.eu\/?page_id=71"},"modified":"2017-12-01T12:09:13","modified_gmt":"2017-12-01T11:09:13","slug":"encyclopedie","status":"publish","type":"page","link":"https:\/\/enciclopedia-de-los-migrantes.eu\/es\/encyclopedie\/","title":{"rendered":"La Enciclopedia de los migrantes papel"},"content":{"rendered":"<img decoding=\"async\" loading=\"lazy\" class=\"alignnone size-full wp-image-1770\" src=\"http:\/\/www.encyclopedie-des-migrants.eu\/wp-content\/uploads\/encyclopedie_des_migrants.jpg\" alt=\"\" width=\"1750\" height=\"1167\" srcset=\"https:\/\/enciclopedia-de-los-migrantes.eu\/wp-content\/uploads\/encyclopedie_des_migrants.jpg 1750w, https:\/\/enciclopedia-de-los-migrantes.eu\/wp-content\/uploads\/encyclopedie_des_migrants-300x200.jpg 300w, https:\/\/enciclopedia-de-los-migrantes.eu\/wp-content\/uploads\/encyclopedie_des_migrants-1024x683.jpg 1024w\" sizes=\"(max-width: 1750px) 100vw, 1750px\" \/>\n<p>Libro art\u00edstico encuadernado en cuero, de 1.782 p\u00e1ginas, repartidas en 3 tomos, editado en 8 ejemplares. Contiene 400 testimonios, de los que cada uno incluye la versi\u00f3n mecanografiada de la carta del testigo en la lengua de publicaci\u00f3n, un facs\u00edmil de la carta manuscrita en su lengua original y un retrato fotogr\u00e1fico realizado por uno de los 16 fot\u00f3grafos que se movilizaron para el proyecto. Tiene, adem\u00e1s, 16 textos redactados por investigadores en ciencias humanas y sociales. Publicaci\u00f3n multilingu\u0308e disponible en 4 versiones (cartas manuscritas en 74 lenguas + 1 de las 4 lenguas de publicaci\u00f3n).<\/p>\n<p>Un ejemplar depositado en cada una de las 8 ciudades asociadas:<\/p>\n<p><strong>FRANCIA<\/strong><\/p>\n<p><strong>Rennes<\/strong><br \/>\nBiblioth\u00e8que des Champs Libres<br \/>\nA 10 cours des Alli\u00e9s, 35000 Rennes<br \/>\nT +33 223 40 66 00<br \/>\nW <a href=\"http:\/\/www.bibliotheque.leschampslibres.fr\">www.bibliotheque.leschampslibres.fr<\/a><\/p>\n<p><strong>Brest<\/strong><br \/>\nM\u00e9diath\u00e8que Fran\u00e7ois Mitterrand<br \/>\n\u2013 Les Capucins \u2013 Ateliers des Capucins<br \/>\nA 25 rue de Pontaniou, 29200 Brest<br \/>\nT +33 298 00 87 40<br \/>\nW <a href=\"http:\/\/www.capucinsbrest.com\">www.capucinsbrest.com<\/a><\/p>\n<p><strong>Nantes<\/strong><br \/>\nBiblioth\u00e8que municipale<br \/>\n\u2013 M\u00e9diath\u00e8que Jacques-Demy<br \/>\nA 24 quai de la Fosse, 44000 Nantes<br \/>\nT +33 240 41 95 95<br \/>\nW <a href=\"http:\/\/www.bm.nantes.fr\">www.bm.nantes.fr<\/a><\/p>\n<p><strong>GIBRALTAR<\/strong><br \/>\nGibraltar Garrison Library<br \/>\nA 2, Library Ramp, Gibraltar, GX11 1AA<br \/>\nT +350 200 77418<br \/>\nM enquiries@gibraltargarrisonlibrary.gi<br \/>\nW <a href=\"http:\/\/www.ggl.gi\">www.ggl.gi<\/a><\/p>\n<p><strong>ESPA\u00d1A<\/strong><\/p>\n<p><strong>Gij\u00f3n<\/strong><br \/>\nMus\u00e9u del Pueblu d\u2019Asturies<br \/>\nA Paseo del Dr. Fleming, 877, 33203 Gij\u00f3n<br \/>\nT +34 985 182 960<br \/>\nW <a href=\"http:\/\/museos.gijon.es\/page\/5285-museu-del-pueblu-d-asturies\">www.museos.gijon.es\/page\/5285-museu-del-pueblu-d-asturies<\/a><\/p>\n<p><strong>C\u00e1diz<\/strong><br \/>\nBiblioteca Municipal Jos\u00e9 Celestino Mutis<br \/>\nA Calle San Miguel 17, 11001 Cadix<br \/>\nT +34 956 22 61 56<\/p>\n<p><strong>PORTUGAL<\/strong><\/p>\n<p><strong>Oporto<\/strong><br \/>\nBiblioteca Municipal Almeida Garrett<br \/>\nA R. de Entre-Quintas 268, 4050-344 Porto<br \/>\nT +351 226 081 000<br \/>\nW <a href=\"http:\/\/www.bmp.cm-porto.pt\">www.bmp.cm-porto.pt<\/a><\/p>\n<p><strong>Lisboa<\/strong><br \/>\nMuseu de Lisboa &#8211; Pal\u00e1cio Pimenta<br \/>\nA Campo Grande, n\u00ba 245, 1700 &#8211; 091 Lisboa<br \/>\nT +351 217 513 200<br \/>\nW <a href=\"http:\/\/www.museudelisboa.pt\">www.museudelisboa.pt<\/a><\/p>\n<p>&nbsp;<\/p>\n<img decoding=\"async\" loading=\"lazy\" class=\"alignnone size-full wp-image-1819\" src=\"http:\/\/www.encyclopedie-des-migrants.eu\/wp-content\/uploads\/encyclopedie_des_migrants_5_WEB.jpg\" alt=\"\" width=\"2250\" height=\"1500\" srcset=\"https:\/\/enciclopedia-de-los-migrantes.eu\/wp-content\/uploads\/encyclopedie_des_migrants_5_WEB.jpg 2250w, https:\/\/enciclopedia-de-los-migrantes.eu\/wp-content\/uploads\/encyclopedie_des_migrants_5_WEB-300x200.jpg 300w, https:\/\/enciclopedia-de-los-migrantes.eu\/wp-content\/uploads\/encyclopedie_des_migrants_5_WEB-1024x683.jpg 1024w\" sizes=\"(max-width: 2250px) 100vw, 2250px\" \/>\n","protected":false},"excerpt":{"rendered":"<p>Libro art\u00edstico encuadernado en cuero, de 1.782 p\u00e1ginas, repartidas en 3 tomos, editado en 8 ejemplares. Contiene 400 testimonios, de los que cada uno incluye la versi\u00f3n mecanografiada de la carta del testigo en la lengua de publicaci\u00f3n, un facs\u00edmil de la carta manuscrita en su lengua original y un retrato fotogr\u00e1fico realizado por uno&#8230;  <a class=\"excerpt-read-more\" href=\"https:\/\/enciclopedia-de-los-migrantes.eu\/es\/encyclopedie\/\" title=\"LeerLa Enciclopedia de los migrantes papel\">Leer m\u00e1s &raquo;<\/a><\/p>\n","protected":false},"author":4,"featured_media":0,"parent":0,"menu_order":3,"comment_status":"closed","ping_status":"closed","template":"","meta":{"footnotes":""},"translation":{"provider":"WPGlobus","version":"2.12.2","language":"es","enabled_languages":["fr","es","pt","en"],"languages":{"fr":{"title":true,"content":true,"excerpt":false},"es":{"title":true,"content":true,"excerpt":false},"pt":{"title":true,"content":true,"excerpt":false},"en":{"title":true,"content":true,"excerpt":false}}},"acf":[],"_links":{"self":[{"href":"https:\/\/enciclopedia-de-los-migrantes.eu\/es\/wp-json\/wp\/v2\/pages\/71"}],"collection":[{"href":"https:\/\/enciclopedia-de-los-migrantes.eu\/es\/wp-json\/wp\/v2\/pages"}],"about":[{"href":"https:\/\/enciclopedia-de-los-migrantes.eu\/es\/wp-json\/wp\/v2\/types\/page"}],"author":[{"embeddable":true,"href":"https:\/\/enciclopedia-de-los-migrantes.eu\/es\/wp-json\/wp\/v2\/users\/4"}],"replies":[{"embeddable":true,"href":"https:\/\/enciclopedia-de-los-migrantes.eu\/es\/wp-json\/wp\/v2\/comments?post=71"}],"version-history":[{"count":0,"href":"https:\/\/enciclopedia-de-los-migrantes.eu\/es\/wp-json\/wp\/v2\/pages\/71\/revisions"}],"wp:attachment":[{"href":"https:\/\/enciclopedia-de-los-migrantes.eu\/es\/wp-json\/wp\/v2\/media?parent=71"}],"curies":[{"name":"wp","href":"https:\/\/api.w.org\/{rel}","templated":true}]}}