{"id":2,"date":"2015-10-05T09:54:33","date_gmt":"2015-10-05T08:54:33","guid":{"rendered":"https:\/\/www.enciclopedia-de-los-migrantes.eu\/?page_id=2"},"modified":"2018-11-09T08:49:21","modified_gmt":"2018-11-09T07:49:21","slug":"projet","status":"publish","type":"page","link":"https:\/\/enciclopedia-de-los-migrantes.eu\/pt\/projet\/","title":{"rendered":"Apresenta\u00e7\u00e3o do projeto"},"content":{"rendered":"<p>A Enciclop\u00e9dia dos migrantes \u00e9 um projeto experimental art\u00edstico da iniciativa de Paloma Fern\u00e1ndez Sobrino, que visa produzir uma enciclop\u00e9dia reunindo <strong>400 testemunhos de hist\u00f3rias<\/strong> de vida de migrantes. Trata-se de um trabalho participativo que parte do bairro Blosne em Rennes e que re\u00fane <strong>uma rede de 8 cidades<\/strong> da costa atl\u00e2ntica da Europa entre a Finisterra bret\u00e3 e Gibraltar.<\/p>\n","protected":false},"excerpt":{"rendered":"<p>A Enciclop\u00e9dia dos migrantes \u00e9 um projeto experimental art\u00edstico da iniciativa de Paloma Fern\u00e1ndez Sobrino, que visa produzir uma enciclop\u00e9dia reunindo 400 testemunhos de hist\u00f3rias de vida de migrantes. Trata-se de um trabalho participativo que parte do bairro Blosne em Rennes e que re\u00fane uma rede de 8 cidades da costa atl\u00e2ntica da Europa entre&#8230;  <a class=\"excerpt-read-more\" href=\"https:\/\/enciclopedia-de-los-migrantes.eu\/pt\/projet\/\" title=\"LerApresenta\u00e7\u00e3o do projeto\">Ler mais &raquo;<\/a><\/p>\n","protected":false},"author":4,"featured_media":0,"parent":0,"menu_order":1,"comment_status":"closed","ping_status":"closed","template":"","meta":{"footnotes":""},"translation":{"provider":"WPGlobus","version":"2.12.2","language":"pt","enabled_languages":["fr","es","pt","en"],"languages":{"fr":{"title":true,"content":true,"excerpt":false},"es":{"title":true,"content":true,"excerpt":false},"pt":{"title":true,"content":true,"excerpt":false},"en":{"title":true,"content":true,"excerpt":false}}},"acf":[],"_links":{"self":[{"href":"https:\/\/enciclopedia-de-los-migrantes.eu\/pt\/wp-json\/wp\/v2\/pages\/2"}],"collection":[{"href":"https:\/\/enciclopedia-de-los-migrantes.eu\/pt\/wp-json\/wp\/v2\/pages"}],"about":[{"href":"https:\/\/enciclopedia-de-los-migrantes.eu\/pt\/wp-json\/wp\/v2\/types\/page"}],"author":[{"embeddable":true,"href":"https:\/\/enciclopedia-de-los-migrantes.eu\/pt\/wp-json\/wp\/v2\/users\/4"}],"replies":[{"embeddable":true,"href":"https:\/\/enciclopedia-de-los-migrantes.eu\/pt\/wp-json\/wp\/v2\/comments?post=2"}],"version-history":[{"count":0,"href":"https:\/\/enciclopedia-de-los-migrantes.eu\/pt\/wp-json\/wp\/v2\/pages\/2\/revisions"}],"wp:attachment":[{"href":"https:\/\/enciclopedia-de-los-migrantes.eu\/pt\/wp-json\/wp\/v2\/media?parent=2"}],"curies":[{"name":"wp","href":"https:\/\/api.w.org\/{rel}","templated":true}]}}