{"id":216,"date":"2015-10-21T13:44:07","date_gmt":"2015-10-21T12:44:07","guid":{"rendered":"https:\/\/www.enciclopedia-de-los-migrantes.eu\/?page_id=216"},"modified":"2017-10-02T14:49:35","modified_gmt":"2017-10-02T13:49:35","slug":"partenaires","status":"publish","type":"page","link":"https:\/\/enciclopedia-de-los-migrantes.eu\/pt\/partenaires\/","title":{"rendered":"Parceiros"},"content":{"rendered":"<h2>Co-organiza\u00e7\u00e3o<\/h2>\n<p>&#8211; <a href=\"http:\/\/www.agedelatortue.org\">Associa\u00e7\u00e3o <strong>L\u2019\u00e2ge de la tortue<\/strong><\/a> (Rennes, Fran\u00e7a)<br \/>\n&#8211; <a href=\"http:\/\/urv.cat\/\"><strong>Universidade Rovira i Virgili<\/strong><\/a> (Tarragona, Espanha)<br \/>\n&#8211; <a href=\"http:\/\/www.asi.pt\/\"><strong>ASI<\/strong> &#8211; Associa\u00e7ao Solidariedade Internacional<\/a> (Porto, Portugal)<br \/>\n&#8211; <a href=\"http:\/\/www.univ-rennes2.fr\/prefics\">Laborat\u00f3rio <strong>PREFics Universidade Rennes 2<\/strong><\/a> (Rennes, Fran\u00e7a)<br \/>\n&#8211; <strong><a href=\"http:\/\/www.histoire-immigration.fr\/\">Museu Nacional da Hist\u00f3ria da Imigra\u00e7\u00e3o<\/a><\/strong> (Paris, Fran\u00e7a)<br \/>\n&#8211; <a href=\"https:\/\/www.gibraltar.gov.gi\/new\/sports-culture-heritage-and-youth\"><strong>Minist\u00e9rio do Desporto, Cultura, Patrim\u00f3nio e Juventude,<\/strong> HM Government of Gibraltar<\/a><br \/>\n&#8211; Cidades de <a href=\"http:\/\/www.brest.fr\"><strong>Brest<\/strong>,<\/a> <strong><a href=\"http:\/\/metropole.rennes.fr\/\">Rennes<\/a><\/strong>, <strong><a href=\"http:\/\/www.nantes.fr\">Nantes<\/a><\/strong>, <strong><a href=\"http:\/\/www.gijon.es\/\">Gij\u00f3n<\/a><\/strong>, <strong><a href=\"http:\/\/www.porto.pt\/\">Porto<\/a><\/strong>, <strong><a href=\"http:\/\/www.cm-lisboa.pt\/\">Lisboa<\/a><\/strong>, <strong><a href=\"http:\/\/institucional.cadiz.es\/portada_2014\">C\u00e1dis <\/a><\/strong>e <strong><a href=\"https:\/\/www.gibraltar.gov.gi\/new\/\">Gibraltar<\/a><\/strong><\/p>\n<img decoding=\"async\" loading=\"lazy\" class=\"alignnone size-full wp-image-1774\" src=\"http:\/\/www.encyclopedie-des-migrants.eu\/wp-content\/uploads\/logos_organisateurs_V2.jpg\" alt=\"\" width=\"1200\" height=\"302\" srcset=\"https:\/\/enciclopedia-de-los-migrantes.eu\/wp-content\/uploads\/logos_organisateurs_V2.jpg 1200w, https:\/\/enciclopedia-de-los-migrantes.eu\/wp-content\/uploads\/logos_organisateurs_V2-300x76.jpg 300w, https:\/\/enciclopedia-de-los-migrantes.eu\/wp-content\/uploads\/logos_organisateurs_V2-1024x258.jpg 1024w\" sizes=\"(max-width: 1200px) 100vw, 1200px\" \/>\n<hr \/>\n<h2>Parceiros \u00e0 escala europeia<\/h2>\n<p>&#8211; <a href=\"http:\/\/www.abaafe.com\/accueil.htm\">Associa\u00e7\u00e3o <strong>ABAAFE<\/strong><\/a> (Brest, Fran\u00e7a)<br \/>\n&#8211; <a href=\"http:\/\/www.mcm44.org\/\">Associa\u00e7\u00e3o <strong> MCM<\/strong><\/a> (Nantes, Fran\u00e7a)<br \/>\n&#8211; Associa\u00e7\u00e3o <strong>Tragacanto<\/strong> (Gij\u00f3n, Espanha)<br \/>\n&#8211; <a href=\"http:\/\/www.apdha.org\/cadiz\/\">Associa\u00e7\u00e3o <strong>APDHA<\/strong><\/a> (C\u00e1dis, Espanha)<br \/>\n&#8211; <a href=\"http:\/\/www.renovaramouraria.pt\/\">Associa\u00e7\u00e3o <strong>Renovar a Mouraria<\/strong><\/a> (Lisboa, Portugal)<br \/>\n&#8211; <a href=\"http:\/\/www.univ-rennes2.fr\/crea\"><strong>CREA<\/strong> da Universidade de Rennes 2, (Centro de Recursos e Estudos Audiovisuais)<\/a> (Rennes, Fran\u00e7a)<br \/>\n&#8211; <a href=\"http:\/\/www.unicaen.fr\/recherche\/mrsh\/fresh\"><strong>FRESH<\/strong>, Filmar a Investiga\u00e7\u00e3o em Ci\u00eancias Sociais<\/a> (Fran\u00e7a)<br \/>\n&#8211; <a href=\"http:\/\/www.collectif-topik.fr\/\">Colectivo de Pesquisa <strong>TOPIK<\/strong> <\/a>(Rennes, Fran\u00e7a)<br \/>\n&#8211; <a href=\"http:\/\/www.iaur.fr\/\">Instituto do Ordenamento do Territ\u00f3rio e Urbanismo de Rennes <strong>(IAUR)<\/strong><\/a> (Fran\u00e7a)<br \/>\n&#8211; <a href=\"http:\/\/www.univ-rennes2.fr\/erimit\"> Laborat\u00f3rio <strong>ERIMIT<\/strong> Universidade Rennes 2<\/a> (Fran\u00e7a)<br \/>\n&#8211; <a href=\"http:\/\/www.unigib.edu.gi\/\"> <strong>Universidade de Gibraltar<\/strong><\/a><br \/>\n&#8211; <a href=\"http:\/\/www.gibraltargarrisonlibrary.gi\/\"> <strong>Biblioteca Garrison <\/strong> de Gibraltar<br \/>\n<\/a>&#8211; <a href=\"https:\/\/biblio.brest.fr\/\">M\u00e9diath\u00e8ques de Brest<\/a><a href=\"https:\/\/biblio.brest.fr\/\">\u00a0(Brest, Fran\u00e7a)<br \/>\n<\/a>&#8211; <a href=\"https:\/\/bm.nantes.fr\/home.html\">B<\/a><a href=\"https:\/\/bm.nantes.fr\/home.html\">iblioteca municipal de Nantes<\/a><a href=\"https:\/\/bm.nantes.fr\/\"> (Nantes, Fran\u00e7a)<\/a><br \/>\n&#8211; <a href=\"http:\/\/atlanticcities.eu\/\"><strong>Confer\u00eancia das Cidades do Arco Atl\u00e2ntico<\/strong><\/a><br \/>\n&#8211; <strong><a href=\"http:\/\/www.ifp-lisboa.com\">Instituto Franc\u00eas de Lisboa <\/a><\/strong>(Portugal)<br \/>\n&#8211; <a href=\"http:\/\/eccocadiz.blogspot.com\">Centro de Arte Contempor\u00e2nea <strong>ECCO<\/strong><\/a> (C\u00e1dis, Espanha)<br \/>\n&#8211; <a href=\"http:\/\/www.egeac.pt\/\"><strong>EGEAC<\/strong> Lisboa<\/a> (Lisboa, Portugal)<br \/>\n&#8211; <a href=\"http:\/\/www.museudelisboa.pt\/\">Museu de Lisboa, <strong>Pal\u00e1cio Pinmenta<\/strong><\/a> (Lisboa, Portugal)<br \/>\n&#8211; <a href=\"http:\/\/Mario Finlayson National Art Gallery\"><strong>Mario Finlayson National Art Gallery <\/strong><\/a>(Gibraltar)<\/p>\n<h2>Parceiros locais em Rennes<\/h2>\n<p>&#8211; <a href=\"http:\/\/www.leschampslibres.fr\/\"> Biblioteca Les Champs Libres<br \/>\n<\/a>&#8211; <a href=\"http:\/\/www.musee-bretagne.fr\/\">Le mus\u00e9e de Bretagne<\/a><br \/>\n&#8211; <a href=\"http:\/\/www.archives.rennes.fr\/\"> Arquivos Municipais de Rennes<\/a><br \/>\n&#8211; <a href=\"http:\/\/www.letriangle.org\/\">Le Triangle, cidade da dan\u00e7a<\/a><br \/>\n&#8211; <a href=\"http:\/\/www.canalb.fr\/\"> Canal B<\/a><br \/>\n&#8211; <a href=\"http:\/\/untoitundroit35.blogspot.com\"> Associa\u00e7\u00e3o Un toit c\u2019est un droit<\/a><br \/>\n&#8211; <a href=\"http:\/\/www.lacimade.org\/\">Associa\u00e7\u00e3o La Cimade<\/a><br \/>\n<a href=\"http:\/\/untoitundroit35.blogspot.com\"><br \/>\n<\/a><\/p>\n<img decoding=\"async\" loading=\"lazy\" class=\"alignnone size-full wp-image-1775\" src=\"http:\/\/www.encyclopedie-des-migrants.eu\/wp-content\/uploads\/logos_partenaires_V2.jpg\" alt=\"\" width=\"1200\" height=\"498\" srcset=\"https:\/\/enciclopedia-de-los-migrantes.eu\/wp-content\/uploads\/logos_partenaires_V2.jpg 1200w, https:\/\/enciclopedia-de-los-migrantes.eu\/wp-content\/uploads\/logos_partenaires_V2-300x125.jpg 300w, https:\/\/enciclopedia-de-los-migrantes.eu\/wp-content\/uploads\/logos_partenaires_V2-1024x425.jpg 1024w\" sizes=\"(max-width: 1200px) 100vw, 1200px\" \/>\n<hr \/>\n<h2>Co-<span id=\"result_box\" class=\"short_text\" lang=\"pt\"><span class=\"hps\">financiadores<\/span><\/span><\/h2>\n<p>O projeto \u00e9 apoiado pelo Comiss\u00e3o Europeia (programa Erasmus+), Instituto Franc\u00eas, a cidade de Rennes, Rennes M\u00e9tropole, Conselho Geral de Ille-et-Vilaine, Conselho Regional de Bretagne, o Minist\u00e9rio da Cultura e da Comunica\u00e7\u00e3o &#8211; Direc\u00e7\u00e3o Regional dos Assuntos Culturais e la Fondation SNCF.<\/p>\n<img decoding=\"async\" loading=\"lazy\" class=\"alignnone size-full wp-image-1773\" src=\"http:\/\/www.encyclopedie-des-migrants.eu\/wp-content\/uploads\/logos_financeurs_V2.jpg\" alt=\"\" width=\"1200\" height=\"230\" srcset=\"https:\/\/enciclopedia-de-los-migrantes.eu\/wp-content\/uploads\/logos_financeurs_V2.jpg 1200w, https:\/\/enciclopedia-de-los-migrantes.eu\/wp-content\/uploads\/logos_financeurs_V2-300x58.jpg 300w, https:\/\/enciclopedia-de-los-migrantes.eu\/wp-content\/uploads\/logos_financeurs_V2-1024x196.jpg 1024w\" sizes=\"(max-width: 1200px) 100vw, 1200px\" \/>\n<p>&nbsp;<\/p>\n","protected":false},"excerpt":{"rendered":"<p>Co-organiza\u00e7\u00e3o &#8211; Associa\u00e7\u00e3o L\u2019\u00e2ge de la tortue (Rennes, Fran\u00e7a) &#8211; Universidade Rovira i Virgili (Tarragona, Espanha) &#8211; ASI &#8211; Associa\u00e7ao Solidariedade Internacional (Porto, Portugal) &#8211; Laborat\u00f3rio PREFics Universidade Rennes 2 (Rennes, Fran\u00e7a) &#8211; Museu Nacional da Hist\u00f3ria da Imigra\u00e7\u00e3o (Paris, Fran\u00e7a) &#8211; Minist\u00e9rio do Desporto, Cultura, Patrim\u00f3nio e Juventude, HM Government of Gibraltar &#8211; Cidades&#8230;  <a class=\"excerpt-read-more\" href=\"https:\/\/enciclopedia-de-los-migrantes.eu\/pt\/partenaires\/\" title=\"LerParceiros\">Ler mais &raquo;<\/a><\/p>\n","protected":false},"author":4,"featured_media":0,"parent":0,"menu_order":5,"comment_status":"closed","ping_status":"closed","template":"","meta":{"footnotes":""},"translation":{"provider":"WPGlobus","version":"2.12.2","language":"pt","enabled_languages":["fr","es","pt","en"],"languages":{"fr":{"title":true,"content":true,"excerpt":false},"es":{"title":true,"content":true,"excerpt":false},"pt":{"title":true,"content":true,"excerpt":false},"en":{"title":true,"content":true,"excerpt":false}}},"acf":[],"_links":{"self":[{"href":"https:\/\/enciclopedia-de-los-migrantes.eu\/pt\/wp-json\/wp\/v2\/pages\/216"}],"collection":[{"href":"https:\/\/enciclopedia-de-los-migrantes.eu\/pt\/wp-json\/wp\/v2\/pages"}],"about":[{"href":"https:\/\/enciclopedia-de-los-migrantes.eu\/pt\/wp-json\/wp\/v2\/types\/page"}],"author":[{"embeddable":true,"href":"https:\/\/enciclopedia-de-los-migrantes.eu\/pt\/wp-json\/wp\/v2\/users\/4"}],"replies":[{"embeddable":true,"href":"https:\/\/enciclopedia-de-los-migrantes.eu\/pt\/wp-json\/wp\/v2\/comments?post=216"}],"version-history":[{"count":0,"href":"https:\/\/enciclopedia-de-los-migrantes.eu\/pt\/wp-json\/wp\/v2\/pages\/216\/revisions"}],"wp:attachment":[{"href":"https:\/\/enciclopedia-de-los-migrantes.eu\/pt\/wp-json\/wp\/v2\/media?parent=216"}],"curies":[{"name":"wp","href":"https:\/\/api.w.org\/{rel}","templated":true}]}}