{"id":250,"date":"2015-10-22T10:08:56","date_gmt":"2015-10-22T09:08:56","guid":{"rendered":"https:\/\/www.enciclopedia-de-los-migrantes.eu\/?page_id=250"},"modified":"2016-01-06T12:03:22","modified_gmt":"2016-01-06T11:03:22","slug":"les-productions","status":"publish","type":"page","link":"https:\/\/enciclopedia-de-los-migrantes.eu\/pt\/projet\/les-productions\/","title":{"rendered":"As  produ\u00e7\u00f5es"},"content":{"rendered":"<h2><span style=\"text-decoration: underline;\"><a href=\"http:\/\/www.enciclopedia-de-los-migrantes.eu\/encyclopedie\/\">A ENCICLOP\u00c9DIA DOS MIGRANTES EM PAPEL<\/a><\/span><\/h2>\n<p>Trata-se de uma publica\u00e7\u00e3o de 2000 p\u00e1ginas distribu\u00eddas por 3 volumes. Esta publica\u00e7\u00e3o multilingue ser\u00e1 editada em quatro vers\u00f5es (multilingue\/franc\u00eas, multilingue\/espanhol, multilingue\/portugu\u00eas, multilingue\/ingl\u00eas). Esta edi\u00e7\u00e3o limitada ser\u00e1 elaborada em 8 exemplares: cada uma das 8 cidades do projeto ser\u00e1 detentora de um exemplar.<\/p>\n<h1><\/h1>\n<h2><span style=\"text-decoration: underline;\"><a href=\"http:\/\/www.enciclopedia-de-los-migrantes.eu\/encyclopedie\/\">A ENCICLOP\u00c9DIA DOS MIGRANTES DIGITAL<\/a><\/span><\/h2>\n<p>Esta segunda vers\u00e3o digital ser\u00e1 editada sob a licen\u00e7a Creative Commons com um direito de reprodu\u00e7\u00e3o com fins n\u00e3o comerciais, com vista a uma difus\u00e3o em grande escala (por exemplo para fins educativos). Ela estar\u00e1 dispon\u00edvel no site do projeto, pelo menos, e ser\u00e1 amplamente difundida de forma gratuita junto dos cidad\u00e3os atrav\u00e9s das redes sociais dos colaboradores do projeto e junto das escolas, universidades, museus e centros de arte, estruturas sociais&#8230;<\/p>\n<p>&nbsp;<\/p>\n<h2><span style=\"text-decoration: underline;\"><a href=\"http:\/\/www.enciclopedia-de-los-migrantes.eu\/projet\/pedagogie\/\">UM KIT DE REFER\u00caNCIA<\/a><\/span><\/h2>\n<p>este kit tem como objectivo transmitir uma s\u00e9rie de metodologias de recolha \u00e0s pessoas respons\u00e1veis pela recolha de testemunhos nos territ\u00f3rios do projecto. Este kit ser\u00e1 elaborado pelos membros do Grupo de reflex\u00e3o do projecto, agrupando cidad\u00e3os migrantes ou n\u00e3o, actores locais, fot\u00f3grafos, investigadores de ci\u00eancias sociais.<\/p>\n<p>&nbsp;<\/p>\n<h2><span style=\"text-decoration: underline;\"><a href=\"http:\/\/www.enciclopedia-de-los-migrantes.eu\/projet\/film\/\">UM FILME DOCUMENTAL<\/a><\/span><\/h2>\n<p>O objetivo deste filme reside em deixar uma marca do projeto na sua globalidade, desde o surgimento da ideia \u00e0 produ\u00e7\u00e3o final da obra, at\u00e9 \u00e0 sua rece\u00e7\u00e3o no espa\u00e7o p\u00fablico, passando pelo processo de cria\u00e7\u00e3o e a abordagem coletiva. Este filme ser\u00e1 realizado com um objetivo pedag\u00f3gico para todo o p\u00fablico e constituir\u00e1 uma ferramenta de mem\u00f3ria do projeto.<\/p>\n<p>&nbsp;<\/p>\n<h2>UM FOLHETO EDUCATIVO<\/h2>\n<p>Este folheto apresentar\u00e1 as produ\u00e7\u00f5es do projecto e servir\u00e1 como uma guia para a Enciclop\u00e9dia em papel e digital e para o website do projecto. Este folheto ser\u00e1 concebido com objectivos pedag\u00f3gicos por forma a incluir docente e o p\u00fablico em geral.<\/p>\n<p>&nbsp;<\/p>\n<h2>UM RELAT\u00d3RIO DE AVALIA\u00c7\u00c3O<\/h2>\n<p>Este relat\u00f3rio ser\u00e1 alimentado por uma an\u00e1lise coletiva dos processos empregues e pelos resultados obtidos no \u00e2mbito de um semin\u00e1rio de avalia\u00e7\u00e3o final.<\/p>\n","protected":false},"excerpt":{"rendered":"<p>A ENCICLOP\u00c9DIA DOS MIGRANTES EM PAPEL Trata-se de uma publica\u00e7\u00e3o de 2000 p\u00e1ginas distribu\u00eddas por 3 volumes. Esta publica\u00e7\u00e3o multilingue ser\u00e1 editada em quatro vers\u00f5es (multilingue\/franc\u00eas, multilingue\/espanhol, multilingue\/portugu\u00eas, multilingue\/ingl\u00eas). Esta edi\u00e7\u00e3o limitada ser\u00e1 elaborada em 8 exemplares: cada uma das 8 cidades do projeto ser\u00e1 detentora de um exemplar. A ENCICLOP\u00c9DIA DOS MIGRANTES DIGITAL Esta&#8230;  <a class=\"excerpt-read-more\" href=\"https:\/\/enciclopedia-de-los-migrantes.eu\/pt\/projet\/les-productions\/\" title=\"LerAs  produ\u00e7\u00f5es\">Ler mais &raquo;<\/a><\/p>\n","protected":false},"author":4,"featured_media":0,"parent":2,"menu_order":0,"comment_status":"closed","ping_status":"closed","template":"","meta":{"footnotes":""},"translation":{"provider":"WPGlobus","version":"2.12.2","language":"pt","enabled_languages":["fr","es","pt","en"],"languages":{"fr":{"title":true,"content":true,"excerpt":false},"es":{"title":true,"content":true,"excerpt":false},"pt":{"title":true,"content":true,"excerpt":false},"en":{"title":true,"content":true,"excerpt":false}}},"acf":[],"_links":{"self":[{"href":"https:\/\/enciclopedia-de-los-migrantes.eu\/pt\/wp-json\/wp\/v2\/pages\/250"}],"collection":[{"href":"https:\/\/enciclopedia-de-los-migrantes.eu\/pt\/wp-json\/wp\/v2\/pages"}],"about":[{"href":"https:\/\/enciclopedia-de-los-migrantes.eu\/pt\/wp-json\/wp\/v2\/types\/page"}],"author":[{"embeddable":true,"href":"https:\/\/enciclopedia-de-los-migrantes.eu\/pt\/wp-json\/wp\/v2\/users\/4"}],"replies":[{"embeddable":true,"href":"https:\/\/enciclopedia-de-los-migrantes.eu\/pt\/wp-json\/wp\/v2\/comments?post=250"}],"version-history":[{"count":0,"href":"https:\/\/enciclopedia-de-los-migrantes.eu\/pt\/wp-json\/wp\/v2\/pages\/250\/revisions"}],"up":[{"embeddable":true,"href":"https:\/\/enciclopedia-de-los-migrantes.eu\/pt\/wp-json\/wp\/v2\/pages\/2"}],"wp:attachment":[{"href":"https:\/\/enciclopedia-de-los-migrantes.eu\/pt\/wp-json\/wp\/v2\/media?parent=250"}],"curies":[{"name":"wp","href":"https:\/\/api.w.org\/{rel}","templated":true}]}}