{"id":253,"date":"2015-10-22T10:12:17","date_gmt":"2015-10-22T09:12:17","guid":{"rendered":"https:\/\/www.enciclopedia-de-los-migrantes.eu\/?page_id=253"},"modified":"2016-01-06T12:03:22","modified_gmt":"2016-01-06T11:03:22","slug":"calendrier","status":"publish","type":"page","link":"https:\/\/enciclopedia-de-los-migrantes.eu\/pt\/projet\/calendrier\/","title":{"rendered":"Calend\u00e1rio"},"content":{"rendered":"\n<table id=\"tablepress-5\" class=\"tablepress tablepress-id-5\">\n<thead>\n<tr class=\"row-1 odd\">\n\t<th class=\"column-1\"><\/th><th class=\"column-2\"><strong>2014<strong><\/th><th class=\"column-3\"><strong>2015<\/strong><\/th><th class=\"column-4\"><strong>2016<\/strong><\/th><th class=\"column-5\"><strong>2017<\/strong><\/th>\n<\/tr>\n<\/thead>\n<tbody class=\"row-hover\">\n<tr class=\"row-2 even\">\n\t<td class=\"column-1\"><strong>CONCE\u00c7\u00c3O<\/strong><\/td><td class=\"column-2\"><strong>janeiro de 2014 a junho de 2015<\/strong><br \/>\n<br \/>\n> Co-constru\u00e7\u00e3o do projeto com o Grupo de reflex\u00e3o<br \/>\n<br \/>\n> Cria\u00e7\u00e3o da rede das 8 cidades parceiras em Fran\u00e7a, Espanha, Portugal e Gibraltar<\/td><td class=\"column-3\"><strong>janeiro de 2014 a junho de 2015<\/strong><br \/>\n<br \/>\n> Co-constru\u00e7\u00e3o do projeto com o Grupo de reflex\u00e3o<br \/>\n<br \/>\n> Consolida\u00e7\u00e3o da rede das 8 cidades parceiras em Fran\u00e7a, Espanha, Portugal e Gibraltar<\/td><td class=\"column-4\"><\/td><td class=\"column-5\"><\/td>\n<\/tr>\n<tr class=\"row-3 odd\">\n\t<td class=\"column-1\"><strong>TRANSMISS\u00c3O<\/strong><\/td><td class=\"column-2\"><\/td><td class=\"column-3\">> Semin\u00e1rio de transmiss\u00e3o em Fran\u00e7a <strong>5-6 novembro de 2015<\/strong><\/td><td class=\"column-4\">> Semin\u00e1rio Interm\u00e9dio no Porto <strong>30 de junho e 01 julho de 2016<\/strong><\/td><td class=\"column-5\"><\/td>\n<\/tr>\n<tr class=\"row-4 even\">\n\t<td class=\"column-1\"><strong>RECOLHA DE TESTEMUNHOS<strong><\/td><td class=\"column-2\">>In\u00edcio da recolha em Rennes <strong>setembro 2014<\/strong><\/td><td class=\"column-3\">>Recolha nas 8 cidades da rede em Fran\u00e7a, Espanha, Portugal e Gibraltar <strong>novembro de 2015 a mar\u00e7o de 2016<\/strong><\/td><td class=\"column-4\">> Recolha nas 8 cidades da rede em Fran\u00e7a, Espanha, Portugal e Gibraltar <strong>novembro de 2015 a mar\u00e7o de 2016<\/strong><\/td><td class=\"column-5\"><\/td>\n<\/tr>\n<tr class=\"row-5 odd\">\n\t<td class=\"column-1\"><strong>EDI\u00c7\u00c3O E OUTRAS<br \/>\nPRODU\u00c7\u00d5ES<\/strong><\/td><td class=\"column-2\">> Cria\u00e7\u00e3o dos memorandos do projeto <strong>dezembro de 2014<\/strong><\/td><td class=\"column-3\">> Finaliza\u00e7\u00e3o dos memorandos do projeto <strong>outubro de 2015<\/strong><br \/>\n> Finaliza\u00e7\u00e3o do kit de refer\u00eancia <strong>outubro de 2015<\/strong><br \/>\n> Cria\u00e7\u00e3o do site internet do projeto <strong>novembro de 2015<\/strong><\/td><td class=\"column-4\">> Fase editorial mar\u00e7o a <strong>dezembro de 2016<\/strong><\/td><td class=\"column-5\">> Publica\u00e7\u00e3o das 2 vers\u00f5es da Enciclop\u00e9dia <strong>janeiro de 2017<\/strong><br \/>\n> Produ\u00e7\u00e3o do filme document\u00e1rio <strong>junho de 2017<\/strong><br \/>\n> Relat\u00f3rio de avalia\u00e7\u00e3o <strong>agosto de 2017<\/strong><\/td>\n<\/tr>\n<tr class=\"row-6 even\">\n\t<td class=\"column-1\"><strong>DIFUS\u00c3O<\/strong><\/td><td class=\"column-2\">> Restitui\u00e7\u00f5es locais em Rennes <strong>dezembro de 2014<\/strong><\/td><td class=\"column-3\">> Restitui\u00e7\u00f5es locais em Rennes<\/td><td class=\"column-4\">> Restitui\u00e7\u00f5es locais intermedi\u00e1rio nas 8 cidades da rede <strong>janeiro a dezembro de 2016<\/strong><\/td><td class=\"column-5\">> Apresenta\u00e7\u00e3o p\u00fablica da enciclop\u00e9dia\u00a0em 8 cidades - <strong>janeiro a maio 2017<\/strong><\/td>\n<\/tr>\n<tr class=\"row-7 odd\">\n\t<td class=\"column-1\"><strong>AVALIA\u00c7\u00c3O<\/strong><\/td><td class=\"column-2\"><\/td><td class=\"column-3\"><\/td><td class=\"column-4\"><\/td><td class=\"column-5\">> Semin\u00e1rio Final - Revis\u00e3o e perspectivas em Gibraltar, <strong>29 e 30 de junho de 2017<\/strong><\/td>\n<\/tr>\n<\/tbody>\n<\/table>\n<!-- #tablepress-5 from cache -->\n","protected":false},"excerpt":{"rendered":"","protected":false},"author":4,"featured_media":0,"parent":2,"menu_order":0,"comment_status":"closed","ping_status":"closed","template":"","meta":{"footnotes":""},"translation":{"provider":"WPGlobus","version":"2.12.2","language":"pt","enabled_languages":["fr","es","pt","en"],"languages":{"fr":{"title":true,"content":true,"excerpt":false},"es":{"title":true,"content":true,"excerpt":false},"pt":{"title":true,"content":true,"excerpt":false},"en":{"title":true,"content":true,"excerpt":false}}},"acf":[],"_links":{"self":[{"href":"https:\/\/enciclopedia-de-los-migrantes.eu\/pt\/wp-json\/wp\/v2\/pages\/253"}],"collection":[{"href":"https:\/\/enciclopedia-de-los-migrantes.eu\/pt\/wp-json\/wp\/v2\/pages"}],"about":[{"href":"https:\/\/enciclopedia-de-los-migrantes.eu\/pt\/wp-json\/wp\/v2\/types\/page"}],"author":[{"embeddable":true,"href":"https:\/\/enciclopedia-de-los-migrantes.eu\/pt\/wp-json\/wp\/v2\/users\/4"}],"replies":[{"embeddable":true,"href":"https:\/\/enciclopedia-de-los-migrantes.eu\/pt\/wp-json\/wp\/v2\/comments?post=253"}],"version-history":[{"count":0,"href":"https:\/\/enciclopedia-de-los-migrantes.eu\/pt\/wp-json\/wp\/v2\/pages\/253\/revisions"}],"up":[{"embeddable":true,"href":"https:\/\/enciclopedia-de-los-migrantes.eu\/pt\/wp-json\/wp\/v2\/pages\/2"}],"wp:attachment":[{"href":"https:\/\/enciclopedia-de-los-migrantes.eu\/pt\/wp-json\/wp\/v2\/media?parent=253"}],"curies":[{"name":"wp","href":"https:\/\/api.w.org\/{rel}","templated":true}]}}