{"id":26,"date":"2015-10-07T10:09:39","date_gmt":"2015-10-07T09:09:39","guid":{"rendered":"https:\/\/www.enciclopedia-de-los-migrantes.eu\/?page_id=26"},"modified":"2016-01-06T12:03:22","modified_gmt":"2016-01-06T11:03:22","slug":"carte","status":"publish","type":"page","link":"https:\/\/enciclopedia-de-los-migrantes.eu\/pt\/projet\/carte\/","title":{"rendered":"O mapa"},"content":{"rendered":"<h2>Entre Gibraltar e Bretanha Finist\u00e8re<\/h2>\n<p>A Enciclop\u00e9dia de migrantes re\u00fane tr\u00eas pa\u00edses &#8211; Fran\u00e7a, Espanha, Portugal &#8211; eo territ\u00f3rio ultramarino de Gibraltar, um territ\u00f3rio brit\u00e2nico ultramarino no sul da Pen\u00ednsula Ib\u00e9rica.<\/p>\n<p>A \u00e1rea geogr\u00e1fica que escolhemos para a Enciclop\u00e9dia de migrantes congratula-se com territ\u00f3rios banhados pelo Oceano Atl\u00e2ntico, com a Breton Finist\u00e8re como ponto de partida, atrav\u00e9s do norte de Espanha, Portugal e sul a oeste da Pen\u00ednsula Ib\u00e9rica para alcan\u00e7ar o Estreito de Gibraltar, porta de entrada da Europa que cristaliza muitas tens\u00f5es.<\/p>\n<p>A raz\u00e3o para a escolha desta jornada geogr\u00e1fica \u00e9 duplo:<\/p>\n<ul>\n<li>Uma A partir da cornija Atl\u00e2ntico ocidental da Europa consiste em territ\u00f3rios que olham para o mar, que tem sido sempre relacionado;<\/li>\n<li>por outro lado, estes s\u00e3o territ\u00f3rios explorados por uma hist\u00f3ria profunda da migra\u00e7\u00e3o.<\/li>\n<\/ul>\n<p>Porque a migra\u00e7\u00e3o interna e internacional moldaram sua hist\u00f3ria e mem\u00f3rias dos seus habitantes, as cidades da costa atl\u00e2ntica foi considerada uma \u00e1rea de coopera\u00e7\u00e3o operacional e privilegiado para sondar os desafios que enfrentam os pa\u00edses europeus de hoje.<\/p>\n<h2>Esta iniciativa de um bairro para implantar em toda a Europa<\/h2>\n<p>Este projecto de coopera\u00e7\u00e3o transnacional est\u00e1 enraizada em Rennes, no Blosne o bairro onde est\u00e1 localizada a idade da tartaruga. Estamos exigindo este fortes ra\u00edzes locais do projeto e esta no\u00e7\u00e3o de influ\u00eancia europ\u00e9ia desde o n\u00edvel local.<\/p>\n<p style=\"padding-left: 30px;\"><span style=\"color: #808080;\"><em>Quer que aconte\u00e7a \u00e9 ter feito metade do caminho (Prov\u00e9rbio \u00e1rabe)<\/em><\/span><\/p>\n<p>Esta empresa enciclop\u00e9dico oferece a oportunidade de fortalecer os la\u00e7os com a cidade, com os l\u00edderes e os movimentos de todos os tipos, entre o projeto associativo e do bairro, oferecendo contra o dom art\u00edstico em reconhecimento de doa\u00e7\u00f5es de cidad\u00e3os migrantes e contribuintes para o trabalho da enciclop\u00e9dia.<\/p>\n","protected":false},"excerpt":{"rendered":"<p>Entre Gibraltar e Bretanha Finist\u00e8re A Enciclop\u00e9dia de migrantes re\u00fane tr\u00eas pa\u00edses &#8211; Fran\u00e7a, Espanha, Portugal &#8211; eo territ\u00f3rio ultramarino de Gibraltar, um territ\u00f3rio brit\u00e2nico ultramarino no sul da Pen\u00ednsula Ib\u00e9rica. A \u00e1rea geogr\u00e1fica que escolhemos para a Enciclop\u00e9dia de migrantes congratula-se com territ\u00f3rios banhados pelo Oceano Atl\u00e2ntico, com a Breton Finist\u00e8re como ponto de&#8230;  <a class=\"excerpt-read-more\" href=\"https:\/\/enciclopedia-de-los-migrantes.eu\/pt\/projet\/carte\/\" title=\"LerO mapa\">Ler mais &raquo;<\/a><\/p>\n","protected":false},"author":4,"featured_media":0,"parent":2,"menu_order":0,"comment_status":"closed","ping_status":"closed","template":"","meta":{"footnotes":""},"translation":{"provider":"WPGlobus","version":"2.12.2","language":"pt","enabled_languages":["fr","es","pt","en"],"languages":{"fr":{"title":true,"content":true,"excerpt":false},"es":{"title":true,"content":true,"excerpt":false},"pt":{"title":true,"content":true,"excerpt":false},"en":{"title":true,"content":true,"excerpt":false}}},"acf":[],"_links":{"self":[{"href":"https:\/\/enciclopedia-de-los-migrantes.eu\/pt\/wp-json\/wp\/v2\/pages\/26"}],"collection":[{"href":"https:\/\/enciclopedia-de-los-migrantes.eu\/pt\/wp-json\/wp\/v2\/pages"}],"about":[{"href":"https:\/\/enciclopedia-de-los-migrantes.eu\/pt\/wp-json\/wp\/v2\/types\/page"}],"author":[{"embeddable":true,"href":"https:\/\/enciclopedia-de-los-migrantes.eu\/pt\/wp-json\/wp\/v2\/users\/4"}],"replies":[{"embeddable":true,"href":"https:\/\/enciclopedia-de-los-migrantes.eu\/pt\/wp-json\/wp\/v2\/comments?post=26"}],"version-history":[{"count":0,"href":"https:\/\/enciclopedia-de-los-migrantes.eu\/pt\/wp-json\/wp\/v2\/pages\/26\/revisions"}],"up":[{"embeddable":true,"href":"https:\/\/enciclopedia-de-los-migrantes.eu\/pt\/wp-json\/wp\/v2\/pages\/2"}],"wp:attachment":[{"href":"https:\/\/enciclopedia-de-los-migrantes.eu\/pt\/wp-json\/wp\/v2\/media?parent=26"}],"curies":[{"name":"wp","href":"https:\/\/api.w.org\/{rel}","templated":true}]}}